{"id":148,"date":"2020-08-26T19:45:54","date_gmt":"2020-08-26T23:45:54","guid":{"rendered":"https:\/\/ppgartes.ufms.br\/?page_id=148"},"modified":"2024-02-06T15:06:54","modified_gmt":"2024-02-06T19:06:54","slug":"grupos-de-pesquisa","status":"publish","type":"page","link":"https:\/\/ppgartes.ufms.br\/en\/grupos-de-pesquisa\/","title":{"rendered":"Grupos de Pesquisa"},"content":{"rendered":"<p>Um Grupo de Pesquisa, em acordo com o <strong>Conselho Nacional de Desenvolvimento Cient\u00edfico e Tecnol\u00f3gico \u2013 CNPq<\/strong> (2020) se constitui por um conjunto de pessoas interessadas no desenvolvimento de atividades de investiga\u00e7\u00e3o cient\u00edfica, organizadas em torno de <strong>tema\/aporte\/filosofia<\/strong> comum a todo o grupo, que pode se ordenar por <strong>linhas espec\u00edficas<\/strong>. Nos encontros de estudo dos grupos de pesquisa, seus membros compartilham de forma material e\/ou virtualmente: equipamentos, instala\u00e7\u00f5es, e principalmente experi\u00eancias que objetivem auxiliar o desenvolvimento das investiga\u00e7\u00f5es no campo ou \u00e1rea em que se encontram reunidos.<br \/>\nNesse sentido, as investiga\u00e7\u00f5es orientadas e desenvolvidas junto ao grupo, podem ser de car\u00e1ter te\u00f3rico, explorat\u00f3rio, aplicado. Com aux\u00edlio de fontes referenciais que ordenam as diversas etapas de uma pesquisa e as reuni\u00f5es de trabalho de seus integrantes, a exist\u00eancia dos grupos de pesquisa possibilitam, como apresenta Kiane (2019) com aporte te\u00f3rico de Von Wangenheim et al. (2001) e Lichtnow (2001):<\/p>\n<ul>\n<li>realiza\u00e7\u00e3o de encontros para apresenta\u00e7\u00e3o e discuss\u00e3o de ideias;<\/li>\n<li>estudos liter\u00e1rios, envolvendo base de dados e fontes variadas de conhecimento;<\/li>\n<li>a elabora\u00e7\u00e3o, organiza\u00e7\u00e3o e desenvolvimento de projetos de pesquisa;<\/li>\n<li>desenvolvimento de metodologias;<\/li>\n<li>desenvolvimento de prot\u00f3tipos;<\/li>\n<li>a escrita cient\u00edfica e publica\u00e7\u00e3o das pesquisas em desenvolvimento ou finalizadas;<\/li>\n<li>a coopera\u00e7\u00e3o e parceria com outros \u00f3rg\u00e3os ou grupos de pesquisa;<\/li>\n<li>a participa\u00e7\u00e3o e organiza\u00e7\u00e3o de eventos e confer\u00eancias na \u00e1rea relacionada ao grupo;<\/li>\n<li>o desenvolvimento de materiais ou tutoriais que contribuam para as pr\u00e1ticas de ensino.<\/li>\n<\/ul>\n<p>Para integrar um Grupo de Pesquisa a pessoa deve ter Curr\u00edculo Lattes e a inten\u00e7\u00e3o de se envolver de modo respons\u00e1vel e profissionalmente com a atividade de pesquisa. Considerando essas caracter\u00edsticas, espera-se que a lideran\u00e7a do grupo seja realizada por uma pesquisadora ou um pesquisador com t\u00edtulo de doutorado, somada tamb\u00e9m \u00e0 presen\u00e7a e coopera\u00e7\u00e3o de estudantes da gradua\u00e7\u00e3o, estudantes da p\u00f3s-gradua\u00e7\u00e3o e t\u00e9cnico(a)s do n\u00edvel superior, al\u00e9m de pessoas da comunidade interessadas em integrar uma<strong> rede investigativa<\/strong>.<br \/>\nCom cadastro formalizado junto ao CNPq e com certifica\u00e7\u00e3o da Institui\u00e7\u00e3o em que sua\/seu l\u00edder exerce as atividades de ensino, pesquisa, extens\u00e3o, o objetivo comum do p\u00fablico que integra um Grupo de Pesquisa, como se observa, volta-se tanto para desenvolvimento acad\u00eamico quanto para a descoberta, compreens\u00e3o, potenciais solu\u00e7\u00f5es, envolvendo quest\u00f5es que movimentem de modo significativo seus integrantes e sua comunidade de origem ou interesse. Para maiores informa\u00e7\u00f5es, voc\u00ea tamb\u00e9m pode consultar o site da CNPq, <a href=\"http:\/\/lattes.cnpq.br\/web\/dgp\/faq?p_p_id=54_INSTANCE_39Zlb9kA3d0e&amp;p_p_lifecycle=0&amp;p_p_state=normal&amp;p_p_mode=view&amp;p_p_col_id=column-3&amp;p_p_col_count=1&amp;_54_INSTANCE_39Zlb9kA3d0e_struts_action=%2Fwiki_display%2Fview&amp;_54_INSTANCE_39Zlb9kA3d0e_nodeName=Main&amp;_54_INSTANCE_39Zlb9kA3d0e_title=Grupos+de+Pesquisa\" target=\"_blank\" rel=\"noopener noreferrer\">aqui<\/a>.<br \/>\nO grupo de docentes do Prof-Artes na UFMS, coordena Grupos de Pesquisa, cujas informa\u00e7\u00f5es fundamentais podem ser encontradas no menu da p\u00e1gina ou clicando no t\u00edtulo de cada um deles:<\/p>\n<ul>\n<li><span style=\"color: #000080\"><strong><a style=\"color: #000080\" href=\"https:\/\/ppgartes.ufms.br\/grupo-de-pesquisa-em-praticas-somaticas-e-performativas-na-tecnica-klauss-vianna\" target=\"_blank\" rel=\"noopener noreferrer\">Corpo sendo: grupo de pesquisa em pr\u00e1ticas som\u00e1ticas e performativas na T\u00e9cnica Klauss Vianna<\/a><\/strong><\/span><\/li>\n<li><span style=\"color: #000080\"><a style=\"color: #000080\" href=\"https:\/\/ppgartes.ufms.br\/grupo-de-pesquisa-ensino-e-aprendizagem-em-artes-visuais\/\" target=\"_blank\" rel=\"noopener noreferrer\"><strong>Ensino e Aprendizagem em Artes Visuais<\/strong><\/a><\/span><\/li>\n<li><a href=\"https:\/\/ppgartes.ufms.br\/?page_id=843&amp;preview=true\" target=\"_blank\" rel=\"noopener\"><strong><span style=\"color: #000080\">Grupo de estudos e pesquisas sobre arte latino-americana &#8211; GEPALA<\/span><\/strong><\/a><\/li>\n<li><a href=\"https:\/\/ppgartes.ufms.br\/grupo-e-caos-estudos-contemporaneos-e-artisticos-em-observacoes-socioculturais\/\" target=\"_blank\" rel=\"noopener\"><strong><span style=\"color: #000080\">Grupo e-caos &#8211; Estudos Contempor\u00e2neos e Art\u00edsticos em Observa\u00e7\u00f5es Socioculturais<\/span><\/strong><\/a><span style=\"color: #000080\"><strong><br \/>\n<\/strong><\/span><\/li>\n<li><span style=\"color: #000080\"><a style=\"color: #000080\" href=\"https:\/\/ppgartes.ufms.br\/musica-em-percurso-mep\/\" target=\"_blank\" rel=\"noopener noreferrer\"><strong>M\u00fasica em Percurso &#8211; MEP<\/strong><\/a><\/span><\/li>\n<li><span style=\"color: #000080\"><strong><a style=\"color: #000080\" href=\"https:\/\/ppgartes.ufms.br\/nucleo-de-investigacao-de-fenomenologia-em-arte-ninfa\/\" target=\"_blank\" rel=\"noopener noreferrer\">N\u00facleo de Investiga\u00e7\u00e3o de Fenomenologia em Arte &#8211; Ninfa<\/a><\/strong><\/span><\/li>\n<li><span style=\"color: #000080\"><strong><a style=\"color: #000080\" href=\"https:\/\/ppgartes.ufms.br\/grupo-de-pesquisa-renda-que-roda\/\" target=\"_blank\" rel=\"noopener noreferrer\">Renda que Roda &#8211;\u00a0Grupo de Pesquisa em dan\u00e7as populares brasileiras<\/a><\/strong><\/span><\/li>\n<\/ul>\n<p>Pessoas que t\u00eam o interesse ou a curiosidade em ampliar seu campo te\u00f3rico ou\u00a0ainda em seguir a forma\u00e7\u00e3o acad\u00eamica na p\u00f3s-gradua\u00e7\u00e3o, podem consultar os espelhos dos grupos e os objetivos de cada um deles, de maneira a ampliar as perspectivas e iniciar ou fortalecer o caminho epistemol\u00f3gico para o seu envolvimento com a pesquisa.<\/p>\n<p style=\"text-align: right\">Paulo C\u00e9sar Antonini de Souza<\/p>\n<p><strong>Refer\u00eancias:<\/strong><br \/>\nCNPQ. O Diret\u00f3rio. D\u00edspon\u00edvel em: &lt;http:\/\/lattes.cnpq.br\/web\/dgp\/o-diretorio&gt;. Acesso em: 27 julho de 2020.<br \/>\nKIANE, R. Voc\u00ea sabe o que fazem os grupos de pesquisa? D\u00edspon\u00edvel em: &lt;http:\/\/via.ufsc.br\/&gt;. Acesso em: 28 de julho de 2020.<br \/>\nLICHTNOW, D. Desenvolvimento e implementa\u00e7\u00e3o de um prot\u00f3tipo de ferramenta para gest\u00e3o do conhecimento em grupos de pesquisa. 2001. 164 f. Disserta\u00e7\u00e3o (Mestrado) \u2013 Programa de P\u00f3s-gradua\u00e7\u00e3o em Computa\u00e7\u00e3o, Universidade Federal de Santa Catarina, Florian\u00f3polis, 2001.<br \/>\nVON WANGENHEIM, C. G. et al. Supporting knowledge management in university software R&amp;D groups. In: International Workshop on Learning Software Organizations. Springer, Berlin, Heidelberg, 2001. p. 52-66.<\/p>\n","protected":false},"excerpt":{"rendered":"<p>Um Grupo de Pesquisa, em acordo com o Conselho Nacional de Desenvolvimento Cient\u00edfico e Tecnol\u00f3gico \u2013 CNPq (2020) se constitui por um conjunto de pessoas interessadas no desenvolvimento de atividades de investiga\u00e7\u00e3o cient\u00edfica, organizadas em torno de tema\/aporte\/filosofia comum a todo o grupo, que pode se ordenar por linhas espec\u00edficas. Nos encontros de estudo dos [&hellip;]<\/p>\n","protected":false},"author":1674,"featured_media":0,"parent":0,"menu_order":0,"comment_status":"closed","ping_status":"closed","template":"","meta":{"footnotes":""},"coauthors":[],"class_list":["post-148","page","type-page","status-publish","hentry"],"_links":{"self":[{"href":"https:\/\/ppgartes.ufms.br\/en\/wp-json\/wp\/v2\/pages\/148","targetHints":{"allow":["GET"]}}],"collection":[{"href":"https:\/\/ppgartes.ufms.br\/en\/wp-json\/wp\/v2\/pages"}],"about":[{"href":"https:\/\/ppgartes.ufms.br\/en\/wp-json\/wp\/v2\/types\/page"}],"author":[{"embeddable":true,"href":"https:\/\/ppgartes.ufms.br\/en\/wp-json\/wp\/v2\/users\/1674"}],"replies":[{"embeddable":true,"href":"https:\/\/ppgartes.ufms.br\/en\/wp-json\/wp\/v2\/comments?post=148"}],"version-history":[{"count":30,"href":"https:\/\/ppgartes.ufms.br\/en\/wp-json\/wp\/v2\/pages\/148\/revisions"}],"predecessor-version":[{"id":857,"href":"https:\/\/ppgartes.ufms.br\/en\/wp-json\/wp\/v2\/pages\/148\/revisions\/857"}],"wp:attachment":[{"href":"https:\/\/ppgartes.ufms.br\/en\/wp-json\/wp\/v2\/media?parent=148"}],"wp:term":[{"taxonomy":"author","embeddable":true,"href":"https:\/\/ppgartes.ufms.br\/en\/wp-json\/wp\/v2\/coauthors?post=148"}],"curies":[{"name":"wp","href":"https:\/\/api.w.org\/{rel}","templated":true}]}}