{"id":152,"date":"2020-08-26T20:11:34","date_gmt":"2020-08-27T00:11:34","guid":{"rendered":"https:\/\/ppgartes.ufms.br\/?page_id=152"},"modified":"2021-02-27T10:09:15","modified_gmt":"2021-02-27T14:09:15","slug":"grupo-de-pesquisa-renda-que-roda","status":"publish","type":"page","link":"https:\/\/ppgartes.ufms.br\/en\/grupo-de-pesquisa-renda-que-roda\/","title":{"rendered":"Renda que Roda &#8211; Grupo de Pesquisa em dan\u00e7as populares brasileiras"},"content":{"rendered":"<p>O Grupo de pesquisa &#8220;Renda que Roda&#8221; investiga as dan\u00e7as populares brasileiras em suas ra\u00edzes e tradi\u00e7\u00f5es at\u00e9 os poss\u00edveis desdobramentos c\u00eanicos e po\u00e9ticos das mesmas. O grupo tem, portanto, duas frentes de trabalho. A educacional, onde leva a investiga\u00e7\u00e3o e a pesquisa dessas dan\u00e7as na forma de oficinas e experi\u00eancias de roda de dan\u00e7as populares para professores e alunos do ensino b\u00e1sico; e a frente c\u00eanica, onde, a partir de pesquisas de campo e de imers\u00e3o sens\u00edvel-corporal, investiga essas manifesta\u00e7\u00f5es como fontes de inspira\u00e7\u00e3o po\u00e9tica para a cena.<\/p>\n<p>O Grupo \u00e9 sediado no curso de Artes C\u00eanicas da Universidade Estadual de Mato Grosso do Sul e \u00e9 um desdobramento da disciplina &#8220;Dan\u00e7as Brasileiras&#8221; e da pesquisa institucional.<\/p>\n<p>=================<br \/>\n<strong>Linha de pesquisa:<\/strong><\/p>\n<ul>\n<li><strong>Processos Pedag\u00f3gicos e C\u00eanicos:<\/strong> objetiva investigar as dan\u00e7as populares brasileiras e as diferentes formas de difus\u00e3o das mesmas, seja na cena ou na educa\u00e7\u00e3o<\/li>\n<\/ul>\n<p>=================<\/p>\n<p>L\u00edder do Grupo de Pesquisa:<strong> Profa. Dra. Gabriela Salvador<\/strong><\/p>\n<p><strong>Os encontros se realizam toda quinta-feira, das 19h \u00e0s 22h e um s\u00e1bado por m\u00eas<\/strong> (dia todo).<\/p>\n<p>Outras informa\u00e7\u00f5es:<\/p>\n<ul>\n<li><strong><a href=\"http:\/\/www.uems.br\/graduacao\/curso\/artes-cenicas-licenciatura-campo-grande\/projetos\" target=\"_blank\" rel=\"noopener noreferrer\">Artes C\u00eanicas Licenciatura &#8211; UEMS<\/a><\/strong><\/li>\n<li><strong><a href=\"https:\/\/www.instagram.com\/rendaqueroda\/?hl=pt-br\" target=\"_blank\" rel=\"noopener noreferrer\">Instagram<\/a><\/strong><\/li>\n<li><strong><a href=\"https:\/\/www.facebook.com\/Rendaqueroda\/\" target=\"_blank\" rel=\"noopener noreferrer\">Facebook<\/a><\/strong><\/li>\n<li>E-mail: <strong>contato.rendaqueroda@gmail.com<\/strong><\/li>\n<li><strong><a href=\"http:\/\/dgp.cnpq.br\/dgp\/espelhogrupo\/475180\" target=\"_blank\" rel=\"noopener noreferrer\">Espelho no Diret\u00f3rio da CNPq<\/a><\/strong><\/li>\n<\/ul>\n","protected":false},"excerpt":{"rendered":"<p>O Grupo de pesquisa &#8220;Renda que Roda&#8221; investiga as dan\u00e7as populares brasileiras em suas ra\u00edzes e tradi\u00e7\u00f5es at\u00e9 os poss\u00edveis desdobramentos c\u00eanicos e po\u00e9ticos das mesmas. O grupo tem, portanto, duas frentes de trabalho. A educacional, onde leva a investiga\u00e7\u00e3o e a pesquisa dessas dan\u00e7as na forma de oficinas e experi\u00eancias de roda de dan\u00e7as [&hellip;]<\/p>\n","protected":false},"author":1674,"featured_media":0,"parent":0,"menu_order":0,"comment_status":"closed","ping_status":"closed","template":"","meta":{"footnotes":""},"coauthors":[],"class_list":["post-152","page","type-page","status-publish","hentry"],"_links":{"self":[{"href":"https:\/\/ppgartes.ufms.br\/en\/wp-json\/wp\/v2\/pages\/152","targetHints":{"allow":["GET"]}}],"collection":[{"href":"https:\/\/ppgartes.ufms.br\/en\/wp-json\/wp\/v2\/pages"}],"about":[{"href":"https:\/\/ppgartes.ufms.br\/en\/wp-json\/wp\/v2\/types\/page"}],"author":[{"embeddable":true,"href":"https:\/\/ppgartes.ufms.br\/en\/wp-json\/wp\/v2\/users\/1674"}],"replies":[{"embeddable":true,"href":"https:\/\/ppgartes.ufms.br\/en\/wp-json\/wp\/v2\/comments?post=152"}],"version-history":[{"count":8,"href":"https:\/\/ppgartes.ufms.br\/en\/wp-json\/wp\/v2\/pages\/152\/revisions"}],"predecessor-version":[{"id":282,"href":"https:\/\/ppgartes.ufms.br\/en\/wp-json\/wp\/v2\/pages\/152\/revisions\/282"}],"wp:attachment":[{"href":"https:\/\/ppgartes.ufms.br\/en\/wp-json\/wp\/v2\/media?parent=152"}],"wp:term":[{"taxonomy":"author","embeddable":true,"href":"https:\/\/ppgartes.ufms.br\/en\/wp-json\/wp\/v2\/coauthors?post=152"}],"curies":[{"name":"wp","href":"https:\/\/api.w.org\/{rel}","templated":true}]}}