{"id":158,"date":"2020-08-26T20:20:41","date_gmt":"2020-08-27T00:20:41","guid":{"rendered":"https:\/\/ppgartes.ufms.br\/?page_id=158"},"modified":"2022-05-30T11:17:06","modified_gmt":"2022-05-30T15:17:06","slug":"nucleo-de-investigacao-de-fenomenologia-em-arte-ninfa","status":"publish","type":"page","link":"https:\/\/ppgartes.ufms.br\/en\/nucleo-de-investigacao-de-fenomenologia-em-arte-ninfa\/","title":{"rendered":"N\u00facleo de INvestiga\u00e7\u00e3o de Fenomenologia em Arte &#8211; NINFA"},"content":{"rendered":"<p>O N\u00facleo de INvestiga\u00e7\u00e3o de Fenomenologia em Arte (NINFA) objetiva a realiza\u00e7\u00e3o de estudos, pesquisas e interven\u00e7\u00f5es no campo das Artes, orientando-se principalmente por referenciais da fenomenologia existencial e suas possibilidades para a compreens\u00e3o da express\u00e3o est\u00e9tica e criadora latino-americana, construindo e compartilhando saberes em desenvolvimento dial\u00f3gico com docentes, discentes e profissionais de diferentes \u00e1reas com interesse na compreens\u00e3o dos fen\u00f4menos presentes na a\u00e7\u00e3o e cria\u00e7\u00e3o humana.<\/p>\n<p>A escolha da sigla do grupo de pesquisas faz alus\u00e3o a duas concep\u00e7\u00f5es de ninfa: a primeira que corresponde \u00e0 mitologia da alma como presen\u00e7a de entes naturais no mundo, somada \u00e0 segunda que alude \u00e0 fase de transi\u00e7\u00e3o entre est\u00e1gios de esp\u00e9cies da natureza, de maneira que nos atentemos para a incompletude do ser humano na busca por sua pr\u00f3pria exist\u00eancia.<br \/>\n=================<br \/>\n<strong>Linhas de pesquisa:<\/strong><\/p>\n<ul>\n<li><strong>Arte como media\u00e7\u00e3o na Diversidade<\/strong>: objetiva desenvolver estudos e pesquisas envolvendo as rela\u00e7\u00f5es humanas de respeito e conviv\u00eancia, estruturadas de forma dial\u00f3gica, a partir de aproxima\u00e7\u00f5es com fundamentos te\u00f3ricos e\/ou pr\u00e1ticos da Arte e seus processos de cria\u00e7\u00e3o em face \u00e0 diversidade.<\/li>\n<li><strong>Pr\u00e1ticas Sociais e Processos Educativos em Arte<\/strong>: objetiva promover estudos e o desenvolvimento de pesquisas compreendendo processos de ensino e aprendizagem no contexto latino-americano, em ambientes escolares e n\u00e3o escolares, nos quais se constituam pr\u00e1ticas sociais em di\u00e1logo com as linguagens da Arte, compreendendo suas rela\u00e7\u00f5es de aproxima\u00e7\u00e3o e distanciamento com a educa\u00e7\u00e3o no contexto brasileiro.<\/li>\n<li><strong>Est\u00e9tica e Experi\u00eancia<\/strong>: objetiva promover estudos e o desenvolvimento de pesquisas contemplando experi\u00eancias e po\u00e9ticas art\u00edsticas no contexto das pessoas que as materializam, com \u00eanfase na articula\u00e7\u00e3o destas produ\u00e7\u00f5es em seus n\u00edveis representacionais, simb\u00f3licos, abstratos.<\/li>\n<\/ul>\n<p>=================<\/p>\n<p>L\u00edder do Grupo de Pesquisa: <strong>Prof. Dr. Paulo C\u00e9sar Antonini de Souza<\/strong><\/p>\n<p><strong>Os encontros de estudo do Ninfa acontecem todas as sextas-feiras, das 9h \u00e1s 11h, presencialmente e em modo remoto.<\/strong><\/p>\n<p>Outras informa\u00e7\u00f5es:<\/p>\n<ul>\n<li><a href=\"http:\/\/artesvisuais.ufms.br\/\" target=\"_blank\" rel=\"noopener noreferrer\"><strong>Cursos de Artes Visuais &#8211; FAALC\/UFMS<\/strong><\/a><\/li>\n<li><strong><a href=\"https:\/\/www.instagram.com\/ninfa2014pesquisa\/?hl=pt-br\" target=\"_blank\" rel=\"noopener noreferrer\">Instagram<\/a><\/strong><\/li>\n<li>E-mail para contato: <strong>ninfa2014pesquisa@gmail.com<\/strong><\/li>\n<li><a href=\"http:\/\/dgp.cnpq.br\/dgp\/espelhogrupo\/8777879697659096\" target=\"_blank\" rel=\"noopener noreferrer\"><strong>Espelho no Diret\u00f3rio CNPq<\/strong><\/a><\/li>\n<\/ul>\n","protected":false},"excerpt":{"rendered":"<p>O N\u00facleo de INvestiga\u00e7\u00e3o de Fenomenologia em Arte (NINFA) objetiva a realiza\u00e7\u00e3o de estudos, pesquisas e interven\u00e7\u00f5es no campo das Artes, orientando-se principalmente por referenciais da fenomenologia existencial e suas possibilidades para a compreens\u00e3o da express\u00e3o est\u00e9tica e criadora latino-americana, construindo e compartilhando saberes em desenvolvimento dial\u00f3gico com docentes, discentes e profissionais de diferentes \u00e1reas [&hellip;]<\/p>\n","protected":false},"author":1674,"featured_media":0,"parent":0,"menu_order":0,"comment_status":"closed","ping_status":"closed","template":"","meta":{"footnotes":""},"coauthors":[],"class_list":["post-158","page","type-page","status-publish","hentry"],"_links":{"self":[{"href":"https:\/\/ppgartes.ufms.br\/en\/wp-json\/wp\/v2\/pages\/158","targetHints":{"allow":["GET"]}}],"collection":[{"href":"https:\/\/ppgartes.ufms.br\/en\/wp-json\/wp\/v2\/pages"}],"about":[{"href":"https:\/\/ppgartes.ufms.br\/en\/wp-json\/wp\/v2\/types\/page"}],"author":[{"embeddable":true,"href":"https:\/\/ppgartes.ufms.br\/en\/wp-json\/wp\/v2\/users\/1674"}],"replies":[{"embeddable":true,"href":"https:\/\/ppgartes.ufms.br\/en\/wp-json\/wp\/v2\/comments?post=158"}],"version-history":[{"count":11,"href":"https:\/\/ppgartes.ufms.br\/en\/wp-json\/wp\/v2\/pages\/158\/revisions"}],"predecessor-version":[{"id":502,"href":"https:\/\/ppgartes.ufms.br\/en\/wp-json\/wp\/v2\/pages\/158\/revisions\/502"}],"wp:attachment":[{"href":"https:\/\/ppgartes.ufms.br\/en\/wp-json\/wp\/v2\/media?parent=158"}],"wp:term":[{"taxonomy":"author","embeddable":true,"href":"https:\/\/ppgartes.ufms.br\/en\/wp-json\/wp\/v2\/coauthors?post=158"}],"curies":[{"name":"wp","href":"https:\/\/api.w.org\/{rel}","templated":true}]}}