{"id":168,"date":"2020-08-26T20:49:16","date_gmt":"2020-08-27T00:49:16","guid":{"rendered":"https:\/\/ppgartes.ufms.br\/?page_id=168"},"modified":"2020-10-01T16:24:33","modified_gmt":"2020-10-01T20:24:33","slug":"grupo-de-pesquisa-em-educacao-e-pratica-musical-gpep","status":"publish","type":"page","link":"https:\/\/ppgartes.ufms.br\/en\/grupo-de-pesquisa-em-educacao-e-pratica-musical-gpep\/","title":{"rendered":"Grupo de Pesquisa em Educa\u00e7\u00e3o e Pr\u00e1tica Musical &#8211; GPEP"},"content":{"rendered":"<p>Grupo de Pesquisa em Educa\u00e7\u00e3o e Pr\u00e1tica Musical &#8211; GPEP objetiva a realiza\u00e7\u00e3o de encontros presenciais, com possibilidade de participa\u00e7\u00e3o \u00e0 dist\u00e2ncia de pesquisadores de v\u00e1rias partes do Brasil; realiza\u00e7\u00e3o de eventos (oficinas, simp\u00f3sios, workshops); publica\u00e7\u00e3o de artigos produzidos pelos participantes.<\/p>\n<p>=================<br \/>\n<strong>Linhas de pesquisa:<\/strong><\/p>\n<p><strong>Educa\u00e7\u00e3o musical, m\u00eddia e meios tecnol\u00f3gicos &#8211;<\/strong> Estudo das rela\u00e7\u00f5es entre as TICs (Tecnologias de Informa\u00e7\u00e3o e Comunica\u00e7\u00e3o) e os processos de ensino-aprendizagem musical.<br \/>\n<strong>Ensino Coletivo de Instrumentos Musicais &#8211;<\/strong> Estudo dos processos de ensino-aprendizagem musical que envolvam aulas de instrumentos musicais em grupo.<br \/>\n<strong>Reg\u00eancia Coral: Performance Art\u00edstica e Ensino &#8211;<\/strong> Estudo da t\u00e9cnica de reg\u00eancia, em seus aspectos te\u00f3ricos e pr\u00e1ticos, e sua rela\u00e7\u00e3o com as \u00e1reas de performance musical (considerando regente e coralistas) e educa\u00e7\u00e3o (aspectos metodol\u00f3gicos e avaliativos).<\/p>\n<p>=================<\/p>\n<p>L\u00edder do Grupo de Pesquisa: <strong>Profa. Dra<\/strong>.\u00a0<strong>Ana L\u00facia Iara Gaborim Moreira<\/strong><\/p>\n<p><strong>Os encontros do GPEP acontecem semanalmente e as pessoas interessadas devem entrar em contato por e-mail para maiores informa\u00e7\u00f5es.<\/strong><\/p>\n<p>Outras informa\u00e7\u00f5es:<\/p>\n<ul>\n<li><a href=\"http:\/\/artesvisuais.ufms.br\/\" target=\"_blank\" rel=\"noopener noreferrer\"><strong>Cursos de M\u00fasica \u2013 FAALC\/UFMS<\/strong><\/a><\/li>\n<li>E-mail para contato: <strong>gpep.musical@gmail.com<\/strong><\/li>\n<li><a href=\"http:\/\/dgp.cnpq.br\/dgp\/espelhogrupo\/598726\" target=\"_blank\" rel=\"noopener noreferrer\"><strong>Espelho no Diret\u00f3rio da CNPq<\/strong><\/a><\/li>\n<\/ul>\n","protected":false},"excerpt":{"rendered":"<p>Grupo de Pesquisa em Educa\u00e7\u00e3o e Pr\u00e1tica Musical &#8211; GPEP objetiva a realiza\u00e7\u00e3o de encontros presenciais, com possibilidade de participa\u00e7\u00e3o \u00e0 dist\u00e2ncia de pesquisadores de v\u00e1rias partes do Brasil; realiza\u00e7\u00e3o de eventos (oficinas, simp\u00f3sios, workshops); publica\u00e7\u00e3o de artigos produzidos pelos participantes. ================= Linhas de pesquisa: Educa\u00e7\u00e3o musical, m\u00eddia e meios tecnol\u00f3gicos &#8211; Estudo das rela\u00e7\u00f5es [&hellip;]<\/p>\n","protected":false},"author":1674,"featured_media":0,"parent":0,"menu_order":0,"comment_status":"closed","ping_status":"closed","template":"","meta":{"footnotes":""},"coauthors":[],"class_list":["post-168","page","type-page","status-publish","hentry"],"_links":{"self":[{"href":"https:\/\/ppgartes.ufms.br\/en\/wp-json\/wp\/v2\/pages\/168","targetHints":{"allow":["GET"]}}],"collection":[{"href":"https:\/\/ppgartes.ufms.br\/en\/wp-json\/wp\/v2\/pages"}],"about":[{"href":"https:\/\/ppgartes.ufms.br\/en\/wp-json\/wp\/v2\/types\/page"}],"author":[{"embeddable":true,"href":"https:\/\/ppgartes.ufms.br\/en\/wp-json\/wp\/v2\/users\/1674"}],"replies":[{"embeddable":true,"href":"https:\/\/ppgartes.ufms.br\/en\/wp-json\/wp\/v2\/comments?post=168"}],"version-history":[{"count":4,"href":"https:\/\/ppgartes.ufms.br\/en\/wp-json\/wp\/v2\/pages\/168\/revisions"}],"predecessor-version":[{"id":203,"href":"https:\/\/ppgartes.ufms.br\/en\/wp-json\/wp\/v2\/pages\/168\/revisions\/203"}],"wp:attachment":[{"href":"https:\/\/ppgartes.ufms.br\/en\/wp-json\/wp\/v2\/media?parent=168"}],"wp:term":[{"taxonomy":"author","embeddable":true,"href":"https:\/\/ppgartes.ufms.br\/en\/wp-json\/wp\/v2\/coauthors?post=168"}],"curies":[{"name":"wp","href":"https:\/\/api.w.org\/{rel}","templated":true}]}}