{"id":19,"date":"2020-06-04T15:42:43","date_gmt":"2020-06-04T19:42:43","guid":{"rendered":"https:\/\/ppgartes.ufms.br\/?page_id=19"},"modified":"2025-07-11T10:35:15","modified_gmt":"2025-07-11T14:35:15","slug":"docentes","status":"publish","type":"page","link":"https:\/\/ppgartes.ufms.br\/en\/docentes\/","title":{"rendered":"Docentes"},"content":{"rendered":"<p style=\"margin: 0cm;margin-bottom: .0001pt;text-align: center\" align=\"center\">Profa. Dra. <strong>Ariane Guerra Barros<\/strong> (UFGD)<br \/>\n<strong><span style=\"font-size: 10.0pt;color: #333399\"><span style=\"color: #003300\"><b><span style=\"font-size: 10pt\">Processos\u00a0<span class=\"il\">de<\/span> ensino, aprendizagem e cria\u00e7\u00e3o em artes <\/span><\/b><\/span><\/span><\/strong><\/p>\n<p style=\"margin: 0cm;margin-bottom: .0001pt;text-align: center\" align=\"center\"><span style=\"font-size: 10.0pt;color: #333399\"><span style=\"color: #003300\"><span style=\"font-size: 10pt\">Teatro; performance; corpo; teatro de bonecos; <\/span><\/span><\/span><\/p>\n<p style=\"margin: 0cm;margin-bottom: .0001pt;text-align: center\" align=\"center\"><span style=\"font-size: 10.0pt;color: #333399\"><span style=\"color: #003300\"><span style=\"font-size: 10pt\">encena\u00e7\u00e3o e interdisciplinaridade; tem\u00e1ticas emocionais; cotidiano escolar.<\/span><\/span><\/span><\/p>\n<p style=\"margin: 0cm;margin-bottom: .0001pt;text-align: center\" align=\"center\"><strong><span style=\"font-size: 10.0pt;color: #333399\">arianebarros@ufgd.edu.br<\/span><\/strong><\/p>\n<p style=\"margin: 0cm;margin-bottom: .0001pt;text-align: center\" align=\"center\">Artes C\u00eanicas<br \/>\n<a href=\"http:\/\/lattes.cnpq.br\/3548592549465571\" target=\"_blank\" rel=\"noopener noreferrer\">Curr\u00edculo Lattes<\/a><\/p>\n<p style=\"text-align: center\"><span style=\"color: #ff0000;font-family: 'comic sans ms', sans-serif\"><strong>* * * * * * * * * * * * *<\/strong><\/span><\/p>\n<p style=\"margin: 0cm;margin-bottom: .0001pt;text-align: center\" align=\"center\">Profa. Dra.<strong> Dora de Andrade Silva<\/strong> (UEMS)<br \/>\n<strong><span style=\"font-size: 10.0pt;color: #333399\"><span style=\"color: #003300\"><b><span style=\"font-size: 10pt\">Processos\u00a0<span class=\"il\">de<\/span>\u00a0ensino, aprendizagem e cria\u00e7\u00e3o em artes<\/span><\/b><\/span><\/span><\/strong><\/p>\n<p style=\"margin: 0cm;margin-bottom: .0001pt;text-align: center\" align=\"center\"><span style=\"font-size: 10.0pt;color: #333399\"><span style=\"color: #003300\"><span style=\"font-size: 10pt\">Dan\u00e7a contempor\u00e2nea; corpo; performance; transdisciplinaridade; <\/span><\/span><\/span><\/p>\n<p style=\"margin: 0cm;margin-bottom: .0001pt;text-align: center\" align=\"center\"><span style=\"font-size: 10.0pt;color: #333399\"><span style=\"color: #003300\"><span style=\"font-size: 10pt\">cartografia; educa\u00e7\u00e3o som\u00e1tica; pr\u00e1ticas colaborativas<\/span><\/span><\/span><\/p>\n<p style=\"margin: 0cm;margin-bottom: .0001pt;text-align: center\" align=\"center\"><strong><span style=\"font-size: 10.0pt;color: #333399\">doradeandrade@gmail.com<\/span><\/strong><\/p>\n<p style=\"margin: 0cm;margin-bottom: .0001pt;text-align: center\" align=\"center\">Artes C\u00eanicas<br \/>\n<a href=\"http:\/\/lattes.cnpq.br\/3545831664608412\" target=\"_blank\" rel=\"noopener noreferrer\">Curr\u00edculo Lattes<\/a><\/p>\n<p align=\"center\"><span style=\"color: #ff0000;font-family: 'comic sans ms', sans-serif\"><strong>* * * * * * * * * * * * *<\/strong><\/span><\/p>\n<p style=\"margin: 0cm;margin-bottom: .0001pt;text-align: center\" align=\"center\">Prof. Dr.<strong> Evandro Rodrigues Higa<\/strong> (UFMS)<br \/>\n<strong><span style=\"font-size: 10.0pt;color: #333399\"><span style=\"color: #003300\"><b><span style=\"font-size: 10pt\">Abordagens te\u00f3rico-metodol\u00f3gicas das pr\u00e1ticas docentes<\/span><\/b><\/span><\/span><\/strong><\/p>\n<p style=\"margin: 0cm;margin-bottom: .0001pt;text-align: center\" align=\"center\"><span style=\"font-size: 10.0pt;color: #333399\"><span style=\"color: #003300\"><span style=\"font-size: 10pt\">Pr\u00e1ticas musicais; m\u00fasica popular; m\u00fasica de Mato Grosso do Sul; <\/span><\/span><\/span><\/p>\n<p style=\"margin: 0cm;margin-bottom: .0001pt;text-align: center\" align=\"center\"><span style=\"font-size: 10.0pt;color: #333399\"><span style=\"color: #003300\"><span style=\"font-size: 10pt\">mundializa\u00e7\u00e3o da cultura; identidades; etnomusicologia<\/span><\/span><\/span><\/p>\n<p style=\"margin: 0cm;margin-bottom: .0001pt;text-align: center\" align=\"center\"><strong><span style=\"font-size: 10.0pt;color: #333399\">evandro.higa@ufms.br<\/span><\/strong><\/p>\n<p style=\"margin: 0cm;margin-bottom: .0001pt;text-align: center\" align=\"center\">M\u00fasica<br \/>\n<a href=\"http:\/\/lattes.cnpq.br\/4551738294887355\" target=\"_blank\" rel=\"noopener noreferrer\">Curr\u00edculo Lattes<\/a><\/p>\n<p align=\"center\"><span style=\"color: #ff0000;font-family: 'comic sans ms', sans-serif\"><strong>* * * * * * * * * * * * *<\/strong><\/span><\/p>\n<p style=\"margin: 0cm;margin-bottom: .0001pt;text-align: center\" align=\"center\">Prof. Dr.<strong> Felipe Corr\u00eaa Bomfim<\/strong> (UFMS)<br \/>\n<strong><span style=\"font-size: 10.0pt;color: #333399\"><span style=\"color: #003300\"><b><span style=\"font-size: 10pt\">Processos\u00a0<span class=\"il\">de<\/span>\u00a0ensino, aprendizagem e cria\u00e7\u00e3o em artes<\/span><\/b><\/span><\/span><\/strong><\/p>\n<p style=\"margin: 0cm;margin-bottom: .0001pt;text-align: center\" align=\"center\"><span style=\"font-size: 10.0pt;color: #333399\"><span style=\"color: #003300\"><span style=\"font-size: 10pt\">Fotografia e audiovisual; cinematografia; cultura visual; quest\u00f5es \u00e9tnico-raciais; <\/span><\/span><\/span><\/p>\n<p style=\"margin: 0cm;margin-bottom: .0001pt;text-align: center\" align=\"center\"><span style=\"font-size: 10.0pt;color: #333399\"><span style=\"color: #003300\"><span style=\"font-size: 10pt\">branquitude e negritude; cinema experimental; temas transversais<\/span><\/span><\/span><\/p>\n<p style=\"margin: 0cm;margin-bottom: .0001pt;text-align: center\" align=\"center\"><strong><span style=\"font-size: 10.0pt;color: #333399\">felipe.bomfim@ufms.br<\/span><\/strong><\/p>\n<p style=\"margin: 0cm;margin-bottom: .0001pt;text-align: center\" align=\"center\">Artes Visuais<br \/>\n<a href=\"http:\/\/lattes.cnpq.br\/1383707716085211\" target=\"_blank\" rel=\"noopener noreferrer\">Curr\u00edculo Lattes<\/a><\/p>\n<p align=\"center\"><span style=\"color: #ff0000;font-family: 'comic sans ms', sans-serif\"><strong>* * * * * * * * * * * * *<\/strong><\/span><\/p>\n<p style=\"margin: 0cm;margin-bottom: .0001pt;text-align: center\" align=\"center\">Profa. Dra. <strong>Gabriela Di Donato Salvador Santinho<\/strong> (UEMS)<br \/>\n<strong><span style=\"font-size: 10.0pt;color: #333399\"><span style=\"color: #003300\"><b><span style=\"font-size: 10pt\">Processos\u00a0<span class=\"il\">de<\/span>\u00a0ensino, aprendizagem e cria\u00e7\u00e3o em artes<\/span><\/b><\/span><\/span><\/strong><\/p>\n<p style=\"margin: 0cm;margin-bottom: .0001pt;text-align: center\" align=\"center\"><span style=\"font-size: 10.0pt;color: #333399\"><span style=\"color: #003300\"><span style=\"font-size: 10pt\">Dan\u00e7a e educa\u00e7\u00e3o; saberes tradicionais; epistemologias afro-brasileiras e ind\u00edgenas; <\/span><\/span><\/span><\/p>\n<p style=\"margin: 0cm;margin-bottom: .0001pt;text-align: center\" align=\"center\"><span style=\"font-size: 10.0pt;color: #333399\"><span style=\"color: #003300\"><span style=\"font-size: 10pt\">contextos de resist\u00eancia; territorialidades; forma\u00e7\u00e3o cultural; corporeidade<\/span><\/span><\/span><\/p>\n<p style=\"margin: 0cm;margin-bottom: .0001pt;text-align: center\" align=\"center\"><strong><span style=\"font-size: 10.0pt;color: #333399\">gabrieladdsalvador@gmail.com<\/span><\/strong><\/p>\n<p style=\"margin: 0cm;margin-bottom: .0001pt;text-align: center\" align=\"center\">Artes C\u00eanicas<br \/>\n<a href=\"http:\/\/lattes.cnpq.br\/3087559848065820\" target=\"_blank\" rel=\"noopener noreferrer\">Curr\u00edculo Lattes<\/a><\/p>\n<p align=\"center\"><span style=\"color: #ff0000;font-family: 'comic sans ms', sans-serif\"><strong>* * * * * * * * * * * * *<\/strong><\/span><\/p>\n<p style=\"margin: 0cm;margin-bottom: .0001pt;text-align: center\" align=\"center\">Prof. Dr. <strong>Gustavo Rodrigues Penha<\/strong> (UFMS)<br \/>\n<strong><span style=\"font-size: 10.0pt;color: #333399\"><span style=\"color: #003300\"><b><span style=\"font-size: 10pt\">Abordagens te\u00f3rico-metodol\u00f3gicas das pr\u00e1ticas docentes<\/span><\/b><\/span><\/span><\/strong><\/p>\n<p style=\"margin: 0cm;margin-bottom: .0001pt;text-align: center\" align=\"center\"><span style=\"font-size: 10.0pt;color: #333399\"><span style=\"color: #003300\"><span style=\"font-size: 10pt\">Composi\u00e7\u00e3o musical; an\u00e1lise e interpreta\u00e7\u00e3o fon\u00e9tica; fonologia e cria\u00e7\u00e3o sonora;<\/span><\/span><\/span><\/p>\n<p style=\"margin: 0cm;margin-bottom: .0001pt;text-align: center\" align=\"center\"><span style=\"font-size: 10.0pt;color: #333399\"><span style=\"color: #003300\"><span style=\"font-size: 10pt\"> musicaliza\u00e7\u00e3o; <\/span><\/span><\/span><span style=\"font-size: 10.0pt;color: #333399\"><span style=\"color: #003300\"><span style=\"font-size: 10pt\">jogos e ludicidade; escuta ativa; media\u00e7\u00e3o musical e tecnologia.<\/span><\/span><\/span><\/p>\n<p style=\"margin: 0cm;margin-bottom: .0001pt;text-align: center\" align=\"center\"><strong><span style=\"font-size: 10.0pt;color: #333399\">gustavo.penha@ufms.br<\/span><\/strong><\/p>\n<p style=\"margin: 0cm;margin-bottom: .0001pt;text-align: center\" align=\"center\">M\u00fasica<br \/>\n<a href=\"http:\/\/lattes.cnpq.br\/8084450271548776\" target=\"_blank\" rel=\"noopener noreferrer\">Curr\u00edculo Lattes<\/a><\/p>\n<p align=\"center\"><span style=\"color: #ff0000;font-family: 'comic sans ms', sans-serif\"><strong>* * * * * * * * * * * * *<\/strong><\/span><\/p>\n<p style=\"margin: 0cm;margin-bottom: .0001pt;text-align: center\" align=\"center\">Prof. Dr. <strong>Jorge Augusto Mendes Geraldo<\/strong> (UFMS)<br \/>\n<strong><span style=\"font-size: 10.0pt;color: #333399\"><span style=\"color: #003300\"><b><span style=\"font-size: 10pt\">Processos\u00a0<span class=\"il\">de<\/span> ensino, aprendizagem e cria\u00e7\u00e3o em artes<\/span><\/b><\/span><\/span><\/strong><\/p>\n<p style=\"margin: 0cm;margin-bottom: .0001pt;text-align: center\" align=\"center\"><span style=\"font-size: 10.0pt;color: #333399\"><span style=\"color: #003300\"><span style=\"font-size: 10pt\">Reg\u00eancia; performance; pol\u00edticas p\u00fablicas; bandas escolares; <\/span><\/span><\/span><\/p>\n<p style=\"margin: 0cm;margin-bottom: .0001pt;text-align: center\" align=\"center\"><span style=\"font-size: 10.0pt;color: #333399\"><span style=\"color: #003300\"><span style=\"font-size: 10pt\">musicaliza\u00e7\u00e3o; improvisa\u00e7\u00e3o e instrumentos; m\u00fasica sinf\u00f4nica.<\/span><\/span><\/span><\/p>\n<p style=\"margin: 0cm;margin-bottom: .0001pt;text-align: center\" align=\"center\"><strong><span style=\"font-size: 10.0pt;color: #333399\">jorge.geraldo@ufms.br<\/span><\/strong><\/p>\n<p style=\"margin: 0cm;margin-bottom: .0001pt;text-align: center\" align=\"center\">M\u00fasica<br \/>\n<a href=\"http:\/\/lattes.cnpq.br\/9799224685946846\" target=\"_blank\" rel=\"noopener noreferrer\">Curr\u00edculo Lattes<\/a><\/p>\n<p align=\"center\"><span style=\"color: #ff0000;font-family: 'comic sans ms', sans-serif\"><strong>* * * * * * * * * * * * *<\/strong><\/span><\/p>\n<p style=\"margin: 0cm;margin-bottom: .0001pt;text-align: center\" align=\"center\">Profa. Dra. <strong>Mariana de Araujo Stocchero<\/strong>\u00a0(UFMS)<br \/>\n<strong><span style=\"font-size: 10.0pt;color: #333399\"><span style=\"color: #003300\"><b><span style=\"font-size: 10pt\">Abordagens te\u00f3rico-metodol\u00f3gicas das pr\u00e1ticas docentes<\/span><\/b><\/span><\/span><\/strong><\/p>\n<p style=\"margin: 0cm;margin-bottom: .0001pt;text-align: center\" align=\"center\"><span style=\"font-size: 10.0pt;color: #333399\"><span style=\"color: #003300\"><span style=\"font-size: 10pt\">Educa\u00e7\u00e3o musical; cogni\u00e7\u00e3o e inf\u00e2ncia; forma\u00e7\u00e3o docente; <\/span><\/span><\/span><\/p>\n<p style=\"margin: 0cm;margin-bottom: .0001pt;text-align: center\" align=\"center\"><span style=\"font-size: 10.0pt;color: #333399\"><span style=\"color: #003300\"><span style=\"font-size: 10pt\">musicaliza\u00e7\u00e3o infantil; canto coral; pr\u00e1ticas escolares<\/span><\/span><\/span><span style=\"font-size: 10pt;color: #003300\">.<\/span><\/p>\n<p style=\"margin: 0cm;margin-bottom: .0001pt;text-align: center\" align=\"center\"><strong><span style=\"font-size: 10.0pt;color: #333399\">mariana.stocchero@ufms.br<\/span><\/strong><\/p>\n<p style=\"margin: 0cm;margin-bottom: .0001pt;text-align: center\" align=\"center\">M\u00fasica<br \/>\n<a href=\"http:\/\/lattes.cnpq.br\/3626116355537610\" target=\"_blank\" rel=\"noopener noreferrer\">Curr\u00edculo Lattes<\/a><\/p>\n<p align=\"center\"><span style=\"color: #ff0000;font-family: 'comic sans ms', sans-serif\"><strong>* * * * * * * * * * * * *<\/strong><\/span><\/p>\n<p style=\"margin: 0cm;margin-bottom: .0001pt;text-align: center\" align=\"center\">Prof. Dr. <strong>Paulo C\u00e9sar Antonini de Souza<\/strong> (UFMS)<br \/>\n<strong><span style=\"font-size: 10.0pt;color: #333399\"><span style=\"color: #003300\"><b><span style=\"font-size: 10pt\">Abordagens te\u00f3rico-metodol\u00f3gicas das pr\u00e1ticas docentes<\/span><\/b><\/span><\/span><\/strong><\/p>\n<p style=\"margin: 0cm;margin-bottom: .0001pt;text-align: center\" align=\"center\"><span style=\"font-size: 10.0pt;color: #333399\"><span style=\"color: #003300\"><span style=\"font-size: 10pt\">Fenomenologia; epistemologias do sul; pedagogia freiriana; ensino-aprendizagem; <\/span><\/span><\/span><\/p>\n<p style=\"margin: 0cm;margin-bottom: .0001pt;text-align: center\" align=\"center\"><span style=\"font-size: 10.0pt;color: #333399\"><span style=\"color: #003300\"><span style=\"font-size: 10pt\">arte e cultura; <\/span><\/span><\/span><span style=\"font-size: 10pt;color: #003300\">artistas regionais e populares; temas transversais; interdisciplinaridade<\/span><\/p>\n<p style=\"margin: 0cm;margin-bottom: .0001pt;text-align: center\" align=\"center\"><strong><span style=\"font-size: 10.0pt;color: #333399\">paulo.antonini@ufms.br<\/span><\/strong><\/p>\n<p style=\"margin: 0cm;margin-bottom: .0001pt;text-align: center\" align=\"center\">Artes Visuais<br \/>\n<a href=\"http:\/\/lattes.cnpq.br\/5053102098056338\" target=\"_blank\" rel=\"noopener noreferrer\">Curr\u00edculo Lattes<\/a><\/p>\n<p align=\"center\"><span style=\"color: #ff0000;font-family: 'comic sans ms', sans-serif\"><strong>* * * * * * * * * * * * *<\/strong><\/span><\/p>\n<p style=\"margin: 0cm;margin-bottom: .0001pt;text-align: center\" align=\"center\">Prof. Dr. <strong>Paulo Cesar Duarte Paes<\/strong> (UFMS)<br \/>\n<strong><span style=\"font-size: 10.0pt;color: #333399\"><span style=\"color: #003300\"><b><span style=\"font-size: 10pt\">Processos\u00a0<span class=\"il\">de<\/span>\u00a0ensino, aprendizagem e cria\u00e7\u00e3o em artes<\/span><\/b><\/span><\/span><\/strong><\/p>\n<p style=\"margin: 0cm;margin-bottom: .0001pt;text-align: center\" align=\"center\"><span style=\"font-size: 10.0pt;color: #333399\"><span style=\"color: #003300\"><span style=\"font-size: 10pt\">Ensino de arte; arte contempor\u00e2nea; pedagogia hist\u00f3rico-cr\u00edtica; teoria hist\u00f3rico-cultural; <\/span><\/span><\/span><\/p>\n<p style=\"margin: 0cm;margin-bottom: .0001pt;text-align: center\" align=\"center\"><span style=\"font-size: 10.0pt;color: #333399\"><span style=\"color: #003300\"><span style=\"font-size: 10pt\">conte\u00fados curriculares; materialismo dial\u00e9tico; viv\u00eancia art\u00edstica<\/span><\/span><\/span><\/p>\n<p style=\"margin: 0cm;margin-bottom: .0001pt;text-align: center\" align=\"center\"><strong><span style=\"font-size: 10.0pt;color: #333399\">paulo.paes@ufms.br<\/span><\/strong><\/p>\n<p style=\"margin: 0cm;margin-bottom: .0001pt;text-align: center\" align=\"center\">Artes Visuais<br \/>\n<a href=\"http:\/\/lattes.cnpq.br\/0609503711793810\" target=\"_blank\" rel=\"noopener noreferrer\">Curr\u00edculo Lattes<\/a><\/p>\n<p align=\"center\"><span style=\"color: #ff0000;font-family: 'comic sans ms', sans-serif\"><strong>* * * * * * * * * * * * *<\/strong><\/span><\/p>\n<p style=\"margin: 0cm;margin-bottom: .0001pt;text-align: center\" align=\"center\">Profa. Dra. <strong>Priscilla de Paula Pessoa Biagi<\/strong>\u00a0(UFMS)<br \/>\n<strong><span style=\"font-size: 10.0pt;color: #333399\"><span style=\"color: #003300\"><b><span style=\"font-size: 10pt\">Processos\u00a0<span class=\"il\">de<\/span>\u00a0ensino, aprendizagem e cria\u00e7\u00e3o em artes<\/span><\/b><\/span><\/span><\/strong><\/p>\n<p style=\"margin: 0cm;margin-bottom: .0001pt;text-align: center\" align=\"center\"><span style=\"font-size: 10.0pt;color: #333399\"><span style=\"color: #003300\"><span style=\"font-size: 10pt\">Pintura contempor\u00e2nea; cr\u00edtica gen\u00e9tica; semi\u00f3tica; ateli\u00ea escolar; <\/span><\/span><\/span><\/p>\n<p style=\"margin: 0cm;margin-bottom: .0001pt;text-align: center\" align=\"center\"><span style=\"font-size: 10.0pt;color: #333399\"><span style=\"color: #003300\"><span style=\"font-size: 10pt\">autobiografia; aquarela; identidade e mem\u00f3ria.<\/span><\/span><\/span><\/p>\n<p style=\"margin: 0cm;margin-bottom: .0001pt;text-align: center\" align=\"center\"><strong><span style=\"font-size: 10.0pt;color: #333399\">priscilla.pessoa@ufms.br<\/span><\/strong><\/p>\n<p style=\"margin: 0cm;margin-bottom: .0001pt;text-align: center\" align=\"center\">Artes Visuais<br \/>\n<a href=\"http:\/\/lattes.cnpq.br\/5515291284729264\" target=\"_blank\" rel=\"noopener noreferrer\">Curr\u00edculo Lattes<\/a><\/p>\n<p align=\"center\"><span style=\"color: #ff0000;font-family: 'comic sans ms', sans-serif\"><strong>* * * * * * * * * * * * *<\/strong><\/span><\/p>\n<p style=\"margin: 0cm;margin-bottom: .0001pt;text-align: center\" align=\"center\">Prof. Dr. <strong>Rafael Duailibi Maldonado<\/strong>\u00a0(UFMS)<br \/>\n<strong><span style=\"font-size: 10.0pt;color: #333399\"><span style=\"color: #003300\"><b><span style=\"font-size: 10pt\">Abordagens te\u00f3rico-metodol\u00f3gicas das pr\u00e1ticas docentes<\/span><\/b><\/span><\/span><\/strong><\/p>\n<p style=\"margin: 0cm;margin-bottom: .0001pt;text-align: center\" align=\"center\"><span style=\"font-size: 10.0pt;color: #333399\"><span style=\"color: #003300\"><span style=\"font-size: 10pt\">Sociologia da arte; media\u00e7\u00e3o educativa; arte contempor\u00e2nea; circula\u00e7\u00e3o; <\/span><\/span><\/span><\/p>\n<p style=\"margin: 0cm;margin-bottom: .0001pt;text-align: center\" align=\"center\"><span style=\"font-size: 10.0pt;color: #333399\"><span style=\"color: #003300\"><span style=\"font-size: 10pt\">pesquisa documental; institui\u00e7\u00f5es culturais; produ\u00e7\u00e3o art\u00edstica.<\/span><\/span><\/span><\/p>\n<p style=\"margin: 0cm;margin-bottom: .0001pt;text-align: center\" align=\"center\"><strong><span style=\"font-size: 10.0pt;color: #333399\">rafael.maldonado@ufms.br<\/span><\/strong><\/p>\n<p style=\"margin: 0cm;margin-bottom: .0001pt;text-align: center\" align=\"center\">Artes Visuais<br \/>\n<a href=\"http:\/\/lattes.cnpq.br\/5666090133418860\" target=\"_blank\" rel=\"noopener noreferrer\">Curr\u00edculo Lattes<\/a><\/p>\n<p align=\"center\"><span style=\"color: #ff0000;font-family: 'comic sans ms', sans-serif\"><strong>* * * * * * * * * * * * *<\/strong><\/span><\/p>\n<p style=\"margin: 0cm;margin-bottom: .0001pt;text-align: center\" align=\"center\">Prof. Dr. <strong>R\u00e9gis Orlando Rasia<\/strong>\u00a0(UFMS)<br \/>\n<strong><span style=\"font-size: 10.0pt;color: #333399\"><span style=\"color: #003300\"><b><span style=\"font-size: 10pt\">Processos\u00a0<span class=\"il\">de<\/span> ensino, aprendizagem e cria\u00e7\u00e3o em artes<\/span><\/b><\/span><\/span><\/strong><\/p>\n<p style=\"margin: 0cm;margin-bottom: .0001pt;text-align: center\" align=\"center\"><span style=\"font-size: 10.0pt;color: #333399\"><span style=\"color: #003300\"><span style=\"font-size: 10pt\">Anima\u00e7\u00e3o; Cinema brasileiro; Filme-ensaio; Cinema experimental; <\/span><\/span><\/span><\/p>\n<p style=\"margin: 0cm;margin-bottom: .0001pt;text-align: center\" align=\"center\"><span style=\"font-size: 10.0pt;color: #333399\"><span style=\"color: #003300\"><span style=\"font-size: 10pt\">Ecocinema; Cinema de montagem; arte e tecnologias<\/span><\/span><\/span><span style=\"font-size: 10pt;color: #003300\">.<\/span><\/p>\n<p style=\"margin: 0cm;margin-bottom: .0001pt;text-align: center\" align=\"center\"><strong><span style=\"font-size: 10.0pt;color: #333399\">regis.rasia@ufms.br<\/span><\/strong><\/p>\n<p style=\"margin: 0cm;margin-bottom: .0001pt;text-align: center\" align=\"center\">Artes Visuais<br \/>\n<a href=\"http:\/\/lattes.cnpq.br\/9799224685946846\" target=\"_blank\" rel=\"noopener noreferrer\">Curr\u00edculo Lattes<\/a><\/p>\n<p align=\"center\"><span style=\"color: #ff0000;font-family: 'comic sans ms', sans-serif\"><strong>* * * * * * * * * * * * *<\/strong><\/span><\/p>\n<p style=\"margin: 0cm;margin-bottom: .0001pt;text-align: center\" align=\"center\">Profa. Dra. <strong>Simone Rocha de Abreu<\/strong> (UFMS)<br \/>\n<strong><span style=\"font-size: 10.0pt;color: #333399\"><span style=\"color: #003300\"><b><span style=\"font-size: 10pt\">Abordagens te\u00f3rico-metodol\u00f3gicas das pr\u00e1ticas docentes<\/span><\/b><\/span><\/span><\/strong><\/p>\n<p style=\"margin: 0cm;margin-bottom: .0001pt;text-align: center\" align=\"center\"><span style=\"font-size: 10.0pt;color: #333399\"><span style=\"color: #003300\"><span style=\"font-size: 10pt\">Arte latino-americana; decolonialidade; po\u00e9ticas negras; mulheres artistas; <\/span><\/span><\/span><\/p>\n<p style=\"margin: 0cm;margin-bottom: .0001pt;text-align: center\" align=\"center\"><span style=\"font-size: 10.0pt;color: #333399\"><span style=\"color: #003300\"><span style=\"font-size: 10pt\">curr\u00edculo; representa\u00e7\u00f5es \u00e9tnico raciais; ensino de arte.<\/span><\/span><\/span><\/p>\n<p style=\"margin: 0cm;margin-bottom: .0001pt;text-align: center\" align=\"center\"><strong><span style=\"font-size: 10.0pt;color: #333399\">simone.rocha.abreu@ufms.br<\/span><\/strong><\/p>\n<p style=\"margin: 0cm;margin-bottom: .0001pt;text-align: center\" align=\"center\">Artes Visuais<br \/>\n<a href=\"http:\/\/lattes.cnpq.br\/3516862897795158\" target=\"_blank\" rel=\"noopener noreferrer\">Curr\u00edculo Lattes<\/a><\/p>\n<p align=\"center\"><span style=\"color: #ff0000;font-family: 'comic sans ms', sans-serif\"><strong>* * * * * * * * * * * * *<\/strong><\/span><\/p>\n<p style=\"margin: 0cm;margin-bottom: .0001pt;text-align: center\" align=\"center\">Profa. Dra. <strong>Vera Lucia Penzo Fernandes<\/strong> (UFMS)<br \/>\n<strong><span style=\"font-size: 10.0pt;color: #333399\"><span style=\"color: #003300\"><b><span style=\"font-size: 10pt\">Abordagens te\u00f3rico-metodol\u00f3gicas das pr\u00e1ticas docentes<\/span><\/b><\/span><\/span><\/strong><\/p>\n<p style=\"margin: 0cm;margin-bottom: .0001pt;text-align: center\" align=\"center\"><span style=\"font-size: 10.0pt;color: #333399\"><span style=\"color: #003300\"><span style=\"font-size: 10pt\">Ensino; forma\u00e7\u00e3o docente; inclus\u00e3o; materiais did\u00e1ticos; <\/span><\/span><\/span><\/p>\n<p style=\"margin: 0cm;margin-bottom: .0001pt;text-align: center\" align=\"center\"><span style=\"font-size: 10.0pt;color: #333399\"><span style=\"color: #003300\"><span style=\"font-size: 10pt\">pintura; <\/span><\/span><\/span><span style=\"font-size: 10pt;color: #003300\">experimenta\u00e7\u00e3o sensorial; releituras visuais<\/span><\/p>\n<p style=\"margin: 0cm;margin-bottom: .0001pt;text-align: center\" align=\"center\"><strong><span style=\"font-size: 10.0pt;color: #333399\">vera.penzo@ufms.br<\/span><\/strong><\/p>\n<p style=\"margin: 0cm;margin-bottom: .0001pt;text-align: center\" align=\"center\">Artes Visuais<br \/>\n<a href=\"http:\/\/lattes.cnpq.br\/6679510663681189\" target=\"_blank\" rel=\"noopener noreferrer\">Curr\u00edculo Lattes<\/a><\/p>\n","protected":false},"excerpt":{"rendered":"<p>Profa. Dra. Ariane Guerra Barros (UFGD) Processos\u00a0de ensino, aprendizagem e cria\u00e7\u00e3o em artes Teatro; performance; corpo; teatro de bonecos; encena\u00e7\u00e3o e interdisciplinaridade; tem\u00e1ticas emocionais; cotidiano escolar. arianebarros@ufgd.edu.br Artes C\u00eanicas Curr\u00edculo Lattes * * * * * * * * * * * * * Profa. Dra. Dora de Andrade Silva (UEMS) Processos\u00a0de\u00a0ensino, aprendizagem e cria\u00e7\u00e3o [&hellip;]<\/p>\n","protected":false},"author":1493,"featured_media":0,"parent":0,"menu_order":0,"comment_status":"closed","ping_status":"closed","template":"","meta":{"footnotes":""},"coauthors":[6],"class_list":["post-19","page","type-page","status-publish","hentry"],"_links":{"self":[{"href":"https:\/\/ppgartes.ufms.br\/en\/wp-json\/wp\/v2\/pages\/19","targetHints":{"allow":["GET"]}}],"collection":[{"href":"https:\/\/ppgartes.ufms.br\/en\/wp-json\/wp\/v2\/pages"}],"about":[{"href":"https:\/\/ppgartes.ufms.br\/en\/wp-json\/wp\/v2\/types\/page"}],"author":[{"embeddable":true,"href":"https:\/\/ppgartes.ufms.br\/en\/wp-json\/wp\/v2\/users\/1493"}],"replies":[{"embeddable":true,"href":"https:\/\/ppgartes.ufms.br\/en\/wp-json\/wp\/v2\/comments?post=19"}],"version-history":[{"count":30,"href":"https:\/\/ppgartes.ufms.br\/en\/wp-json\/wp\/v2\/pages\/19\/revisions"}],"predecessor-version":[{"id":1068,"href":"https:\/\/ppgartes.ufms.br\/en\/wp-json\/wp\/v2\/pages\/19\/revisions\/1068"}],"wp:attachment":[{"href":"https:\/\/ppgartes.ufms.br\/en\/wp-json\/wp\/v2\/media?parent=19"}],"wp:term":[{"taxonomy":"author","embeddable":true,"href":"https:\/\/ppgartes.ufms.br\/en\/wp-json\/wp\/v2\/coauthors?post=19"}],"curies":[{"name":"wp","href":"https:\/\/api.w.org\/{rel}","templated":true}]}}