{"id":190,"date":"2020-08-28T13:12:36","date_gmt":"2020-08-28T17:12:36","guid":{"rendered":"https:\/\/ppgartes.ufms.br\/?page_id=190"},"modified":"2021-02-27T10:09:51","modified_gmt":"2021-02-27T14:09:51","slug":"grupo-de-pesquisa-ensino-e-aprendizagem-em-artes-visuais","status":"publish","type":"page","link":"https:\/\/ppgartes.ufms.br\/en\/grupo-de-pesquisa-ensino-e-aprendizagem-em-artes-visuais\/","title":{"rendered":"Ensino e Aprendizagem em Artes Visuais"},"content":{"rendered":"<p>O grupo de pesquisa tem como objetivos: apoiar o desenvolvimento de pesquisas no campo do ensino de artes, com foco nas artes visuais; Promover estudos sobre o processo de ensino e aprendizagem em artes visuais, com \u00eanfase em pr\u00e1ticas pedag\u00f3gicas interdisciplinares, metodologias de ensino e processos de cria\u00e7\u00e3o; Desenvolver estudos sobre pr\u00e1ticas e concep\u00e7\u00f5es de ensino e aprendizagem em arte visando a articula\u00e7\u00e3o entre arte, cultura e inclus\u00e3o.<\/p>\n<p>=================<br \/>\n<strong>Linhas de pesquisa:<\/strong><\/p>\n<ul>\n<li><strong>Artes Visuais, Educa\u00e7\u00e3o Especial e Processos Inclusivos:<\/strong> Desenvolver estudos sobre trabalho pedag\u00f3gico do professor de artes visuais para alunos com necessidades educacionais especiais, com foco em metodologias de ensino. Fomentar o desenvolvimentos de processos educativos inclusivos no ensino de artes visuais, em espa\u00e7os formais e n\u00e3o formais.<\/li>\n<li><strong>Arte Visuais, Escola e Cultura<\/strong>: Refletir sobre objetos art\u00edsticos, considerando aspectos mais profundos da apar\u00eancia visual, compreendendo a arte de uma \u00e9poca, como produto de uma complexa rede de rela\u00e7\u00f5es humanas. Compreender o modo como a sociedade ressignifica objetos, provocando reflex\u00f5es cr\u00edticas sobre valores e representa\u00e7\u00f5es s\u00f3cio-culturais, problemati\u00adzando-os ou rompendo com eles. Compreender processos educativos e culturais na escola.<\/li>\n<li><strong>Forma\u00e7\u00e3o de professores de artes visuais<\/strong>: Analisar pol\u00edticas de forma\u00e7\u00e3o de professores de artes visuais, numa abordagem historiogr\u00e1fica, visando a constitui\u00e7\u00e3o de uma base de dados e mapa da forma\u00e7\u00e3o de professores.<\/li>\n<li><strong>Pr\u00e1ticas pedag\u00f3gicas em artes visuais<\/strong>: Promover estudos sobre pr\u00e1ticas pedag\u00f3gicas do professor de artes visuais, em escolas da educa\u00e7\u00e3o b\u00e1sicas. Desenvolver propostas pedag\u00f3gicas que contribuam para o processo de ensino e aprendizagem em artes visuais.<\/li>\n<li><strong>Vigotski fundamentos e pr\u00e1ticas de ensino, arte e emancipa\u00e7\u00e3o humana<\/strong>: Fundamentar o estudo do ensino em geral e particularmente o ensino de artes visuais na Psicologia Hist\u00f3rico-Cr\u00edtica, com prioridade na arte contempor\u00e2nea para pessoas que tiveram seus direitos sociais negados. Relacionar o ensino, a arte e a emancipa\u00e7\u00e3o humana delimitando o objeto da pesquisa nos tr\u00eas focos juntos ou cada um isoladamente. Aborda a Psicologia Hist\u00f3rico-Cr\u00edtica que tem em Vigotski seu maior expoente, articulada com a Pedagogia Hist\u00f3rico-Cr\u00edtica de Saviani.<\/li>\n<\/ul>\n<p>=================<\/p>\n<p>L\u00edder do Grupo de Pesquisa: <strong>Profa. Dra. Vera L\u00facia Penzo Fernandes<\/strong><\/p>\n<p><strong>As reuni\u00f5es do grupo de pesquisa acontecem \u00e0s sextas-feiras, das 15h30 \u00e0s 17h. As pessoas interessadas podem entrar em contato por e-mail para maiores informa\u00e7\u00f5es.<\/strong><\/p>\n<p>Outras informa\u00e7\u00f5es:<\/p>\n<ul>\n<li><a href=\"http:\/\/artesvisuais.ufms.br\/\" target=\"_blank\" rel=\"noopener noreferrer\"><strong>Cursos de Artes Visuais \u2013 FAALC\/UFMS<\/strong><\/a><\/li>\n<li><a href=\"https:\/\/gpenav-faalc.wixsite.com\/gpenav\" target=\"_blank\" rel=\"noopener noreferrer\"><strong>Site do Grupo de Pesquisa<\/strong><\/a><\/li>\n<li>E-mail para contato: <strong>gpenav.faalc@gmail.com<\/strong><\/li>\n<li><a href=\"http:\/\/dgp.cnpq.br\/dgp\/espelhogrupo\/4892113508520626\" target=\"_blank\" rel=\"noopener noreferrer\"><strong>Espelho no Diret\u00f3rio da CNPq<\/strong><\/a><\/li>\n<\/ul>\n","protected":false},"excerpt":{"rendered":"<p>O grupo de pesquisa tem como objetivos: apoiar o desenvolvimento de pesquisas no campo do ensino de artes, com foco nas artes visuais; Promover estudos sobre o processo de ensino e aprendizagem em artes visuais, com \u00eanfase em pr\u00e1ticas pedag\u00f3gicas interdisciplinares, metodologias de ensino e processos de cria\u00e7\u00e3o; Desenvolver estudos sobre pr\u00e1ticas e concep\u00e7\u00f5es de [&hellip;]<\/p>\n","protected":false},"author":1674,"featured_media":0,"parent":0,"menu_order":0,"comment_status":"closed","ping_status":"closed","template":"","meta":{"footnotes":""},"coauthors":[],"class_list":["post-190","page","type-page","status-publish","hentry"],"_links":{"self":[{"href":"https:\/\/ppgartes.ufms.br\/en\/wp-json\/wp\/v2\/pages\/190","targetHints":{"allow":["GET"]}}],"collection":[{"href":"https:\/\/ppgartes.ufms.br\/en\/wp-json\/wp\/v2\/pages"}],"about":[{"href":"https:\/\/ppgartes.ufms.br\/en\/wp-json\/wp\/v2\/types\/page"}],"author":[{"embeddable":true,"href":"https:\/\/ppgartes.ufms.br\/en\/wp-json\/wp\/v2\/users\/1674"}],"replies":[{"embeddable":true,"href":"https:\/\/ppgartes.ufms.br\/en\/wp-json\/wp\/v2\/comments?post=190"}],"version-history":[{"count":5,"href":"https:\/\/ppgartes.ufms.br\/en\/wp-json\/wp\/v2\/pages\/190\/revisions"}],"predecessor-version":[{"id":283,"href":"https:\/\/ppgartes.ufms.br\/en\/wp-json\/wp\/v2\/pages\/190\/revisions\/283"}],"wp:attachment":[{"href":"https:\/\/ppgartes.ufms.br\/en\/wp-json\/wp\/v2\/media?parent=190"}],"wp:term":[{"taxonomy":"author","embeddable":true,"href":"https:\/\/ppgartes.ufms.br\/en\/wp-json\/wp\/v2\/coauthors?post=190"}],"curies":[{"name":"wp","href":"https:\/\/api.w.org\/{rel}","templated":true}]}}