{"id":23,"date":"2020-06-04T21:14:13","date_gmt":"2020-06-05T01:14:13","guid":{"rendered":"https:\/\/ppgartes.ufms.br\/?page_id=23"},"modified":"2025-05-16T08:55:35","modified_gmt":"2025-05-16T12:55:35","slug":"programa","status":"publish","type":"page","link":"https:\/\/ppgartes.ufms.br\/en\/programa\/","title":{"rendered":"Programa"},"content":{"rendered":"<p><strong>Sobre o ProfArtes<\/strong><\/p>\n<p>O ProfArtes \u00e9 um programa de Mestrado Profissional (Stricto sensu) em Artes com \u00e1rea de concentra\u00e7\u00e3o em Ensino de Artes, reconhecido pela Coordena\u00e7\u00e3o de Aperfei\u00e7oamento de Pessoal de N\u00edvel Superior (CAPES) do Minist\u00e9rio da Educa\u00e7\u00e3o. Este curso \u00e9 oferecido em formato semi-presencial com obrigatoriedade de assist\u00eancia \u00e0s aulas nos Campi.<\/p>\n<p><strong>Institui\u00e7\u00f5es de Ensino Superior Associadas:<\/strong><\/p>\n<ul>\n<li>Instituto Federal de Educa\u00e7\u00e3o, Ci\u00eancia e Tecnologia de Goi\u00e1s (IFG)<\/li>\n<li>Universidade de Bras\u00edlia (UNB)<\/li>\n<li>Universidade do Estado de Santa Catarina (Udesc)<\/li>\n<li>Universidade Estadual do Amazonas (UFAM) em parceria com a Universidade Federal do Amazonas (UEA)<\/li>\n<li>Universidade Estadual Paulista (UNESP)<\/li>\n<li>Universidade Federal da Bahia (UFBA)<\/li>\n<li>Universidade Federal da Para\u00edba (UFPB)<\/li>\n<li>Universidade Federal de Mato Grosso do Sul (UFMS)<\/li>\n<li>Universidade Federal de Minas Gerais (UFMG)<\/li>\n<li>Universidade Federal de Uberl\u00e2ndia (UFU)<\/li>\n<li>Universidade Federal do Cear\u00e1 (UFC)<\/li>\n<li>Universidade Federal do Maranh\u00e3o (UFMA)<\/li>\n<li>Universidade Federal do Par\u00e1 (UFPA)<\/li>\n<li>Universidade Federal do Rio Grande do Norte (UFRN)<\/li>\n<li>Universidade Regional do Cariri (URCA).<\/li>\n<\/ul>\n<p><strong><span style=\"color: #ff0000\">*\u00a0 \u00a0*\u00a0 \u00a0*\u00a0 \u00a0*\u00a0 \u00a0*\u00a0 \u00a0*\u00a0 \u00a0*\u00a0 \u00a0*\u00a0 \u00a0*\u00a0 \u00a0*\u00a0 \u00a0*\u00a0 \u00a0*\u00a0 \u00a0*\u00a0 \u00a0<\/span><\/strong><\/p>\n<p>Com a Coordena\u00e7\u00e3o Nacional, atualmente pela <strong>Universidade Federal de Uberl\u00e2ndia<\/strong> (UFU), o ProfArtes tem por objetivo oferecer forma\u00e7\u00e3o continuada a docentes de Artes da Educa\u00e7\u00e3o B\u00e1sica, propondo discuss\u00f5es sobre o papel do ensino da arte na escola e na comunidade.<\/p>\n<p>O curso tem uma estrutura <strong>semi-presencial<\/strong> com a oferta de <strong>duas disciplinas de fundamenta\u00e7\u00e3o \u00e0 dist\u00e2ncia, quatro disciplinas obrigat\u00f3rias (<\/strong>incluindo a realiza\u00e7\u00e3o de trabalho de conclus\u00e3o orientado de forma presencial<strong>) e duas optativas.\u00a0<\/strong><\/p>\n<p style=\"padding-left: 80px\">No <strong>ProfArtes\/FAALC\/UFMS<\/strong> as disciplinas presenciais acontecem \u00e0s <strong>quintas-feiras e sextas-feiras<\/strong>, de manh\u00e3 e \u00e0 tarde.<\/p>\n<p style=\"padding-left: 80px\">Pelo regulamento do ProfArtes\/FAALC\/UFMS, <strong>todos os estudantes devem participar regularmente do grupo de estudos e\/ou grupo de pesquisas<\/strong> em que seu orientador ou sua orientadora seja l\u00edder ou vice l\u00edder.<\/p>\n<p>Para participar do ProfArtes \u00e9 necess\u00e1rio portar diploma de curso de gradua\u00e7\u00e3o reconhecido pelo Minist\u00e9rio da Educa\u00e7\u00e3o, em <strong>qualquer \u00e1rea<\/strong>, e estar atuando na Educa\u00e7\u00e3o B\u00e1sica (Ensino Fundamental e Ensino M\u00e9dio), <strong>ministrando aulas de artes<\/strong> (Artes C\u00eanicas, Artes Visuais e M\u00fasica) em modalidade formal.<\/p>\n<p><strong>\u00c9 exigido que as\/os estudantes estejam em exerc\u00edcio em sala de aula, ministrando componente curricular Arte no momento de inscri\u00e7\u00e3o do processo seletivo e durante o curso, sendo obrigat\u00f3rio comprovar pr\u00e1tica docente com o componente Arte com documenta\u00e7\u00e3o emitida pela escola.<\/strong><\/p>\n<p><strong><span style=\"color: #ff0000\">*\u00a0 \u00a0*\u00a0 \u00a0*\u00a0 \u00a0*\u00a0 \u00a0*\u00a0 \u00a0*\u00a0 \u00a0*\u00a0 \u00a0*\u00a0 \u00a0*\u00a0 \u00a0*\u00a0 \u00a0*\u00a0 \u00a0*\u00a0 \u00a0*\u00a0 \u00a0<\/span><\/strong><\/p>\n<p><strong>Nome do Curso: <\/strong>Curso de Mestrado Profissional em Artes em Rede Nacional \u2013 PROFARTES<\/p>\n<p><strong>Ano de cria\u00e7\u00e3o: <\/strong>2014<\/p>\n<p><strong>Ano de In\u00edcio na UFMS: <\/strong>2020<\/p>\n<p><strong>V\u00ednculo na UFMS:<\/strong> Programa de P\u00f3s-Gradua\u00e7\u00e3o em Artes &#8211; PPGARTES<\/p>\n<p><strong>N\u00edvel da Forma\u00e7\u00e3o:<\/strong> Mestrado Profissional<\/p>\n<p><strong>Conceito CAPES<\/strong> (\u00daltima Avalia\u00e7\u00e3o): 4<\/p>\n<p><strong>T\u00edtulo Outorgado:<\/strong> Mestre em Arte<\/p>\n<p><strong>\u00c1rea de Concentra\u00e7\u00e3o<\/strong>: Ensino de Arte<\/p>\n<p><strong>\u00c1reas de Conhecimento:<\/strong><\/p>\n<ul>\n<li><strong>CAPES<\/strong>: 51 \u2013 Ci\u00eancias e Humanidades para a Educa\u00e7\u00e3o B\u00e1sica<\/li>\n<li><strong>CNPq<\/strong>: 8 \u2013 Lingu\u00edstica, Letras e Artes<\/li>\n<\/ul>\n<p><strong>Carga Hor\u00e1ria Total:<\/strong> 420 horas<\/p>\n","protected":false},"excerpt":{"rendered":"<p>Sobre o ProfArtes O ProfArtes \u00e9 um programa de Mestrado Profissional (Stricto sensu) em Artes com \u00e1rea de concentra\u00e7\u00e3o em Ensino de Artes, reconhecido pela Coordena\u00e7\u00e3o de Aperfei\u00e7oamento de Pessoal de N\u00edvel Superior (CAPES) do Minist\u00e9rio da Educa\u00e7\u00e3o. Este curso \u00e9 oferecido em formato semi-presencial com obrigatoriedade de assist\u00eancia \u00e0s aulas nos Campi. Institui\u00e7\u00f5es de [&hellip;]<\/p>\n","protected":false},"author":1674,"featured_media":0,"parent":0,"menu_order":0,"comment_status":"closed","ping_status":"closed","template":"","meta":{"footnotes":""},"coauthors":[5],"class_list":["post-23","page","type-page","status-publish","hentry"],"_links":{"self":[{"href":"https:\/\/ppgartes.ufms.br\/en\/wp-json\/wp\/v2\/pages\/23","targetHints":{"allow":["GET"]}}],"collection":[{"href":"https:\/\/ppgartes.ufms.br\/en\/wp-json\/wp\/v2\/pages"}],"about":[{"href":"https:\/\/ppgartes.ufms.br\/en\/wp-json\/wp\/v2\/types\/page"}],"author":[{"embeddable":true,"href":"https:\/\/ppgartes.ufms.br\/en\/wp-json\/wp\/v2\/users\/1674"}],"replies":[{"embeddable":true,"href":"https:\/\/ppgartes.ufms.br\/en\/wp-json\/wp\/v2\/comments?post=23"}],"version-history":[{"count":5,"href":"https:\/\/ppgartes.ufms.br\/en\/wp-json\/wp\/v2\/pages\/23\/revisions"}],"predecessor-version":[{"id":1033,"href":"https:\/\/ppgartes.ufms.br\/en\/wp-json\/wp\/v2\/pages\/23\/revisions\/1033"}],"wp:attachment":[{"href":"https:\/\/ppgartes.ufms.br\/en\/wp-json\/wp\/v2\/media?parent=23"}],"wp:term":[{"taxonomy":"author","embeddable":true,"href":"https:\/\/ppgartes.ufms.br\/en\/wp-json\/wp\/v2\/coauthors?post=23"}],"curies":[{"name":"wp","href":"https:\/\/api.w.org\/{rel}","templated":true}]}}