{"id":254,"date":"2020-12-03T19:42:28","date_gmt":"2020-12-03T23:42:28","guid":{"rendered":"https:\/\/ppgartes.ufms.br\/?page_id=254"},"modified":"2020-12-03T19:53:56","modified_gmt":"2020-12-03T23:53:56","slug":"grupo-de-pesquisa-em-praticas-somaticas-e-performativas-na-tecnica-klauss-vianna","status":"publish","type":"page","link":"https:\/\/ppgartes.ufms.br\/en\/grupo-de-pesquisa-em-praticas-somaticas-e-performativas-na-tecnica-klauss-vianna\/","title":{"rendered":"Corpo sendo: grupo de pesquisa em pr\u00e1ticas som\u00e1ticas e performativas na T\u00e9cnica Klauss Vianna"},"content":{"rendered":"<p>O grupo se prop\u00f5e a acolher e fomentar as investiga\u00e7\u00f5es surgidas no \u00e2mbito das pesquisas docentes e discentes referentes \u00e0 pr\u00e1tica da T\u00e9cnica Klauss Vianna, afim de investigar potenciais articula\u00e7\u00f5es e atualiza\u00e7\u00f5es po\u00e9ticas dos desdobramentos criativos e pedag\u00f3gicos dessa t\u00e9cnica de dan\u00e7a e educa\u00e7\u00e3o som\u00e1tica. Enquanto grupo de pesquisa pr\u00e1tico-te\u00f3rico, visa aprofundar o estudo e experimenta\u00e7\u00e3o de princ\u00edpios de trabalho sobre o corpo e o movimento sens\u00edvel desenvolvidos pela fam\u00edlia Vianna, apoiados na indissociabilidade entre t\u00e9cnica e cria\u00e7\u00e3o, sala de aula e cena, entre pr\u00e1ticas art\u00edsticas e pedag\u00f3gicas. Prop\u00f5e-se ainda a um di\u00e1logo com as linhas de a\u00e7\u00f5es desenvolvidas pelo N\u00facleo Fuga &#8211; coletivo que investiga as intera\u00e7\u00f5es entre dan\u00e7a, performance e teatro &#8211; buscando o olhar e o atravessamento do campo da performance articulado aos princ\u00edpios da TKV trabalhados pelo n\u00facleo. O grupo de pesquisa desenvolve suas atividades no contexto dos cursos de Artes C\u00eanicas, Dan\u00e7a e Teatro da UEMS.<\/p>\n<p>=================<br \/>\n<strong>Linhas de pesquisa:<\/strong><\/p>\n<p><strong>N\u00facleo Fuga! &#8211; <\/strong>N\u00facleo Fuga! \u00e9 um espa\u00e7o de experimenta\u00e7\u00e3o transdisciplinar que explora contamina\u00e7\u00f5es po\u00e9ticas entre as linguagens da dan\u00e7a, do teatro e da performance. A pesquisa pr\u00e1tica desta linha busca criar encontros entre diversas\/os artistas e pesquisadoras\/es acerca dos imbricamentos entre a pr\u00e1tica art\u00edstica e a pesquisa acad\u00eamica, primando por uma no\u00e7\u00e3o de coletividade que prev\u00ea a diferen\u00e7a enquanto postura \u00e9tica.<br \/>\n<strong>Pr\u00e1ticas art\u00edsticas e pedag\u00f3gicas entre a dan\u00e7a, educa\u00e7\u00e3o som\u00e1tica e a performance<\/strong> &#8211; Esta linha tem como objetivo interseccionar e aprofundar as pesquisas que mant\u00eam di\u00e1logo com a T\u00e9cnica Klauss Vianna e a performance &#8211; e que se estendem desde a sala de aula \u00e0 cena &#8211; buscando potencializar as a\u00e7\u00f5es de forma\u00e7\u00e3o das\/os futuras\/os artistas educadoras\/es do Curso de Licenciatura em Artes C\u00eanicas, Dan\u00e7a e Teatro da UEMS em suas m\u00faltiplas vertentes de atua\u00e7\u00e3o.<\/p>\n<p>=================<\/p>\n<p>L\u00edder do Grupo de Pesquisa: <strong>Profa. Dra. Dora de Andrade<\/strong><\/p>\n<p><strong>Os encontros se realizam todas \u00e0s sextas das 9:30 \u00e0s 12h.e as pessoas interessadas devem entrar em contato por e-mail para maiores informa\u00e7\u00f5es.<\/strong><\/p>\n<p>Outras informa\u00e7\u00f5es:<\/p>\n<ul>\n<li><a href=\"http:\/\/artesvisuais.ufms.br\/\" target=\"_blank\" rel=\"noopener noreferrer\"><strong>Cursos de M\u00fasica \u2013 FAALC\/UFMS<\/strong><\/a><\/li>\n<li><a href=\"http:\/\/www.uems.br\/graduacao\/curso\/artes-cenicas-licenciatura-campo-grande\/projetos\" target=\"_blank\" rel=\"noopener noreferrer\"><strong>Curso de Artes C\u00eanicas\/UEMS: <\/strong><\/a><\/li>\n<li><strong><a href=\"https:\/\/instagram.com\/nucleofuga?igshid=1qacx1s8bdacz\" target=\"_blank\" rel=\"noopener noreferrer\">Instagram<\/a><\/strong><\/li>\n<li><strong><a href=\"https:\/\/pt-br.facebook.com\/pg\/nucleofuga\/posts\/\" target=\"_blank\" rel=\"noopener noreferrer\">Facebook<\/a><\/strong><\/li>\n<li>E-mail para contato: \u00a0<strong>doradeandrade@gmail.com<\/strong><\/li>\n<li><a href=\"http:\/\/dgp.cnpq.br\/dgp\/espelhogrupo\/607606\" target=\"_blank\" rel=\"noopener noreferrer\"><strong>Espelho no Diret\u00f3rio da CNPq<\/strong><\/a><\/li>\n<\/ul>\n","protected":false},"excerpt":{"rendered":"<p>O grupo se prop\u00f5e a acolher e fomentar as investiga\u00e7\u00f5es surgidas no \u00e2mbito das pesquisas docentes e discentes referentes \u00e0 pr\u00e1tica da T\u00e9cnica Klauss Vianna, afim de investigar potenciais articula\u00e7\u00f5es e atualiza\u00e7\u00f5es po\u00e9ticas dos desdobramentos criativos e pedag\u00f3gicos dessa t\u00e9cnica de dan\u00e7a e educa\u00e7\u00e3o som\u00e1tica. Enquanto grupo de pesquisa pr\u00e1tico-te\u00f3rico, visa aprofundar o estudo e [&hellip;]<\/p>\n","protected":false},"author":1674,"featured_media":0,"parent":0,"menu_order":0,"comment_status":"closed","ping_status":"closed","template":"","meta":{"footnotes":""},"coauthors":[],"class_list":["post-254","page","type-page","status-publish","hentry"],"_links":{"self":[{"href":"https:\/\/ppgartes.ufms.br\/en\/wp-json\/wp\/v2\/pages\/254","targetHints":{"allow":["GET"]}}],"collection":[{"href":"https:\/\/ppgartes.ufms.br\/en\/wp-json\/wp\/v2\/pages"}],"about":[{"href":"https:\/\/ppgartes.ufms.br\/en\/wp-json\/wp\/v2\/types\/page"}],"author":[{"embeddable":true,"href":"https:\/\/ppgartes.ufms.br\/en\/wp-json\/wp\/v2\/users\/1674"}],"replies":[{"embeddable":true,"href":"https:\/\/ppgartes.ufms.br\/en\/wp-json\/wp\/v2\/comments?post=254"}],"version-history":[{"count":3,"href":"https:\/\/ppgartes.ufms.br\/en\/wp-json\/wp\/v2\/pages\/254\/revisions"}],"predecessor-version":[{"id":260,"href":"https:\/\/ppgartes.ufms.br\/en\/wp-json\/wp\/v2\/pages\/254\/revisions\/260"}],"wp:attachment":[{"href":"https:\/\/ppgartes.ufms.br\/en\/wp-json\/wp\/v2\/media?parent=254"}],"wp:term":[{"taxonomy":"author","embeddable":true,"href":"https:\/\/ppgartes.ufms.br\/en\/wp-json\/wp\/v2\/coauthors?post=254"}],"curies":[{"name":"wp","href":"https:\/\/api.w.org\/{rel}","templated":true}]}}