{"id":44,"date":"2020-06-04T21:51:28","date_gmt":"2020-06-05T01:51:28","guid":{"rendered":"https:\/\/ppgartes.ufms.br\/?page_id=44"},"modified":"2020-06-04T21:51:28","modified_gmt":"2020-06-05T01:51:28","slug":"linhas-de-pesquisa","status":"publish","type":"page","link":"https:\/\/ppgartes.ufms.br\/en\/linhas-de-pesquisa\/","title":{"rendered":"Linhas de Pesquisa"},"content":{"rendered":"<p><strong>\u00c1rea de Concentra\u00e7\u00e3o &#8211; Ensino de Artes<\/strong><\/p>\n<p>Na forma\u00e7\u00e3o do professor que atua na Educa\u00e7\u00e3o B\u00e1sica \u00e9 indispens\u00e1vel o aprofundamento do seu conhecimento nos estudos voltados para os procedimentos te\u00f3ricos e metodol\u00f3gicos relativos ao ensino, media\u00e7\u00e3o e aprendizagem em artes, o que lhe possibilitar\u00e1 uma posi\u00e7\u00e3o madura intelectualmente, permitindo-lhe posicionar-se frente \u00e0 realidade cultural do aluno, mediante suas pr\u00f3prias experi\u00eancias art\u00edsticas e est\u00e9ticas, bem como em rela\u00e7\u00e3o ao contexto s\u00f3cio-cultural em que est\u00e1 inserido. Envolvendo pesquisas em diferentes procedimentos e metodologias do ensino art\u00edstico, a \u00e1rea de concentra\u00e7\u00e3o Ensino de Artes prop\u00f5e reunir linhas de pesquisa articuladas aos saberes, processos e pr\u00e1ticas pedag\u00f3gicas no ensino m\u00e9dio e fundamental, permeando estudos em diferentes concep\u00e7\u00f5es, sejam pr\u00e1ticas, sejam te\u00f3ricas, formais ou n\u00e3o formais.<\/p>\n<h3><span style=\"color: #000080\"><strong>Linhas de Pesquisa<\/strong><\/span><\/h3>\n<p><strong>Processos de ensino, aprendizagem e cria\u00e7\u00e3o em artes<\/strong><\/p>\n<p>Esta linha investiga os processos de ensino, aprendizagem e cria\u00e7\u00e3o em artes, relacionando as pr\u00e1ticas formativas e suas conex\u00f5es com as linguagens art\u00edsticas das Artes Visuais, da Dan\u00e7a, da M\u00fasica, do Teatro, al\u00e9m de seus desdobramentos midi\u00e1ticos. Concentra-se nessa linha estudos que aproximam as pr\u00e1ticas art\u00edsticas e os processos de ensino.<\/p>\n<p><strong>Abordagens te\u00f3rico-metodol\u00f3gicas das pr\u00e1ticas docentes<\/strong><\/p>\n<p>Esta linha volta-se para as rela\u00e7\u00f5es entre as abordagens te\u00f3ricas e metodol\u00f3gicas relativas ao ensino das Artes Visuais, da Dan\u00e7a, da M\u00fasica, do Teatro, al\u00e9m de seus desdobramentos midi\u00e1ticos. Concentra-se nessa linha estudos dedicados ao recorte metodol\u00f3gico e experimental das pr\u00e1ticas em sala de aula.<\/p>\n","protected":false},"excerpt":{"rendered":"<p>\u00c1rea de Concentra\u00e7\u00e3o &#8211; Ensino de Artes Na forma\u00e7\u00e3o do professor que atua na Educa\u00e7\u00e3o B\u00e1sica \u00e9 indispens\u00e1vel o aprofundamento do seu conhecimento nos estudos voltados para os procedimentos te\u00f3ricos e metodol\u00f3gicos relativos ao ensino, media\u00e7\u00e3o e aprendizagem em artes, o que lhe possibilitar\u00e1 uma posi\u00e7\u00e3o madura intelectualmente, permitindo-lhe posicionar-se frente \u00e0 realidade cultural do [&hellip;]<\/p>\n","protected":false},"author":1674,"featured_media":0,"parent":0,"menu_order":0,"comment_status":"closed","ping_status":"closed","template":"","meta":{"footnotes":""},"coauthors":[],"class_list":["post-44","page","type-page","status-publish","hentry"],"_links":{"self":[{"href":"https:\/\/ppgartes.ufms.br\/en\/wp-json\/wp\/v2\/pages\/44","targetHints":{"allow":["GET"]}}],"collection":[{"href":"https:\/\/ppgartes.ufms.br\/en\/wp-json\/wp\/v2\/pages"}],"about":[{"href":"https:\/\/ppgartes.ufms.br\/en\/wp-json\/wp\/v2\/types\/page"}],"author":[{"embeddable":true,"href":"https:\/\/ppgartes.ufms.br\/en\/wp-json\/wp\/v2\/users\/1674"}],"replies":[{"embeddable":true,"href":"https:\/\/ppgartes.ufms.br\/en\/wp-json\/wp\/v2\/comments?post=44"}],"version-history":[{"count":1,"href":"https:\/\/ppgartes.ufms.br\/en\/wp-json\/wp\/v2\/pages\/44\/revisions"}],"predecessor-version":[{"id":45,"href":"https:\/\/ppgartes.ufms.br\/en\/wp-json\/wp\/v2\/pages\/44\/revisions\/45"}],"wp:attachment":[{"href":"https:\/\/ppgartes.ufms.br\/en\/wp-json\/wp\/v2\/media?parent=44"}],"wp:term":[{"taxonomy":"author","embeddable":true,"href":"https:\/\/ppgartes.ufms.br\/en\/wp-json\/wp\/v2\/coauthors?post=44"}],"curies":[{"name":"wp","href":"https:\/\/api.w.org\/{rel}","templated":true}]}}