{"id":458,"date":"2022-02-02T13:21:50","date_gmt":"2022-02-02T17:21:50","guid":{"rendered":"https:\/\/ppgartes.ufms.br\/?page_id=458"},"modified":"2024-02-06T15:06:00","modified_gmt":"2024-02-06T19:06:00","slug":"grupo-e-caos-estudos-contemporaneos-e-artisticos-em-observacoes-socioculturais","status":"publish","type":"page","link":"https:\/\/ppgartes.ufms.br\/en\/grupo-e-caos-estudos-contemporaneos-e-artisticos-em-observacoes-socioculturais\/","title":{"rendered":"Grupo e-caos &#8211; Estudos Contempor\u00e2neos e Art\u00edsticos em Observa\u00e7\u00f5es Socioculturais"},"content":{"rendered":"<p>O grupo de pesquisa e-caos &#8211; Estudos Contempor\u00e2neos e Art\u00edsticos em Observa\u00e7\u00f5es Socioculturais &#8211; dialoga com a \u00e1rea das Artes e visa a interdisciplinaridade, a transdisciplinaridade e a diversidade em suas pesquisas. Abarcando m\u00faltiplos olhares para os estudos contempor\u00e2neos nas Artes em conex\u00e3o com as quest\u00f5es socioculturais que constituem nossa(s) sociedade(s), sejam estes em cena\/performance e tamb\u00e9m no \u00e2mbito escolar\/acad\u00eamico, as linhas de pesquisa possuem foco no corpo, performance, educa\u00e7\u00e3o, sociedade e nas artes como potencialidades plurais. O grupo busca investiga\u00e7\u00f5es que abranjam o campo art\u00edstico em observa\u00e7\u00f5es que levam em considera\u00e7\u00e3o o contexto sociocultural de pr\u00e1ticas e metodologias, entrecruzando olhares e pensamentos com outras \u00e1reas do conhecimento.<\/p>\n<p>=================<br \/>\n<strong>Linha de pesquisa:<\/strong><\/p>\n<ul>\n<li><strong>Artes, Educa\u00e7\u00e3o e Sociedade: vozes e discursos<\/strong>: Esta linha parte de observa\u00e7\u00f5es e\/ou das reverbera\u00e7\u00f5es socioculturais ao estudar artes, educa\u00e7\u00e3o e sociedade, em estudos que abarcam estas \u00e1reas simultaneamente ou focam particularidades pontuais. Vozes e discursos atravessam lugares de fala e pessoalidades, fazem pontes com a filosofia, sociologia, an\u00e1lise do discurso e outros atravessamentos que nos formam, educam e deseducam. Destacamos as \u00e1reas das Artes C\u00eanicas, M\u00fasica e Educa\u00e7\u00e3o Musical, pelo v\u00ednculo com as pesquisas em andamento.<\/li>\n<li><strong>Corpo e(m) Performance:<\/strong> Estuda o corpo do\/a ator\/atriz\/performer\/professor(a) em processo de cria\u00e7\u00e3o art\u00edstica e\/ou no \u00e2mbito educacional. Busca contemplar o aspecto corporal em a\u00e7\u00e3o, seja em uma cena, performance ou aula, investigando possibilidades de caminhos que entrecruzem teoria e pr\u00e1tica em processos criativos, com abordagens educativas e\/ou c\u00eanicas que possam ser trilhados atrav\u00e9s da(s) Arte(s) em observa\u00e7\u00e3o do contexto sociocultural em que est\u00e1 inserido.<\/li>\n<\/ul>\n<p>=================<\/p>\n<p>L\u00edder do Grupo de Pesquisa:<strong> Profa. Dra. Ariane Guerra Barros<\/strong><\/p>\n<p><strong>Para informa\u00e7\u00f5es a respeito dos encontros, entrar em contato com a l\u00edder do grupo por e-mail<\/strong>.<\/p>\n<p>Outras informa\u00e7\u00f5es:<\/p>\n<ul>\n<li><strong><a href=\"https:\/\/portal.ufgd.edu.br\/cursos\/artes_cenicas\/index\" target=\"_blank\" rel=\"noopener noreferrer\">Artes C\u00eanicas Licenciatura e Bacharelado \u2013 UFGD<\/a><\/strong><\/li>\n<li>E-mail: <strong>arianebarros@ufgd.edu.br<\/strong><\/li>\n<li><strong><a href=\"https:\/\/dpg.cnpq.br\/dpg\/espelhogrupo\/769103\" target=\"_blank\" rel=\"noopener\">Espelho no Diret\u00f3rio da CNPq<\/a><\/strong><\/li>\n<\/ul>\n","protected":false},"excerpt":{"rendered":"<p>O grupo de pesquisa e-caos &#8211; Estudos Contempor\u00e2neos e Art\u00edsticos em Observa\u00e7\u00f5es Socioculturais &#8211; dialoga com a \u00e1rea das Artes e visa a interdisciplinaridade, a transdisciplinaridade e a diversidade em suas pesquisas. Abarcando m\u00faltiplos olhares para os estudos contempor\u00e2neos nas Artes em conex\u00e3o com as quest\u00f5es socioculturais que constituem nossa(s) sociedade(s), sejam estes em cena\/performance [&hellip;]<\/p>\n","protected":false},"author":1674,"featured_media":0,"parent":0,"menu_order":0,"comment_status":"closed","ping_status":"closed","template":"","meta":{"footnotes":""},"coauthors":[],"class_list":["post-458","page","type-page","status-publish","hentry"],"_links":{"self":[{"href":"https:\/\/ppgartes.ufms.br\/en\/wp-json\/wp\/v2\/pages\/458","targetHints":{"allow":["GET"]}}],"collection":[{"href":"https:\/\/ppgartes.ufms.br\/en\/wp-json\/wp\/v2\/pages"}],"about":[{"href":"https:\/\/ppgartes.ufms.br\/en\/wp-json\/wp\/v2\/types\/page"}],"author":[{"embeddable":true,"href":"https:\/\/ppgartes.ufms.br\/en\/wp-json\/wp\/v2\/users\/1674"}],"replies":[{"embeddable":true,"href":"https:\/\/ppgartes.ufms.br\/en\/wp-json\/wp\/v2\/comments?post=458"}],"version-history":[{"count":5,"href":"https:\/\/ppgartes.ufms.br\/en\/wp-json\/wp\/v2\/pages\/458\/revisions"}],"predecessor-version":[{"id":854,"href":"https:\/\/ppgartes.ufms.br\/en\/wp-json\/wp\/v2\/pages\/458\/revisions\/854"}],"wp:attachment":[{"href":"https:\/\/ppgartes.ufms.br\/en\/wp-json\/wp\/v2\/media?parent=458"}],"wp:term":[{"taxonomy":"author","embeddable":true,"href":"https:\/\/ppgartes.ufms.br\/en\/wp-json\/wp\/v2\/coauthors?post=458"}],"curies":[{"name":"wp","href":"https:\/\/api.w.org\/{rel}","templated":true}]}}