{"id":53,"date":"2020-06-04T22:22:30","date_gmt":"2020-06-05T02:22:30","guid":{"rendered":"https:\/\/ppgartes.ufms.br\/?page_id=53"},"modified":"2026-01-05T15:18:02","modified_gmt":"2026-01-05T19:18:02","slug":"contatos","status":"publish","type":"page","link":"https:\/\/ppgartes.ufms.br\/en\/contatos\/","title":{"rendered":"Contatos"},"content":{"rendered":"<p><a href=\"https:\/\/prograd.ufms.br\/calendario-academico\/\" target=\"_blank\" rel=\"noopener\"><strong>Calend\u00e1rio acad\u00eamico UFMS<\/strong><\/a><\/p>\n<p>&nbsp;<\/p>\n<p><strong>Coordenador local:<\/strong> Jorge Augusto Mendes Geraldo<\/p>\n<p>&nbsp;<\/p>\n<p><strong>Secretaria:<\/strong>\u00a0 Diani Pereira<\/p>\n<p><strong>E-mail:<\/strong> profartes.faalc@ufms.br<br \/>\n<strong>Telefone:<\/strong> 3345-7659 (WhatsApp)<br \/>\n<strong>Hor\u00e1rio de atendimento:<\/strong><br \/>\nde <span style=\"text-decoration: underline\">segunda-feira<\/span> a <span style=\"text-decoration: underline\">sexta-feira<\/span> das <strong>07h<\/strong> \u00e0s <strong>11h<\/strong> e das 1<strong>3<\/strong>h \u00e0s <strong>17h<\/strong><\/p>\n<table dir=\"ltr\" style=\"height: 147px;width: 91.231%;border-color: #080707\" border=\"1\" cellspacing=\"0\" cellpadding=\"0\" data-sheets-root=\"1\">\n<colgroup>\n<col width=\"98\" \/>\n<col width=\"80\" \/>\n<col width=\"88\" \/><\/colgroup>\n<tbody>\n<tr style=\"height: 24px\">\n<td style=\"width: 40.6364%;height: 27px;text-align: center\"><\/td>\n<td style=\"width: 30.4979%;vertical-align: middle;height: 27px;text-align: center\" data-sheets-value=\"{&quot;1&quot;:2,&quot;2&quot;:&quot;7h - 11h&quot;}\"><strong>7h &#8211; 11h<\/strong><\/td>\n<td style=\"width: 83.9054%;vertical-align: middle;height: 27px;text-align: center\" data-sheets-value=\"{&quot;1&quot;:2,&quot;2&quot;:&quot;13h - 17h&quot;}\"><strong>13h &#8211; 17h<\/strong><\/td>\n<\/tr>\n<tr style=\"height: 24px\">\n<td style=\"width: 40.6364%;height: 24px;text-align: center\" data-sheets-value=\"{&quot;1&quot;:2,&quot;2&quot;:&quot;segunda-feira&quot;}\">segunda-feira<\/td>\n<td style=\"width: 30.4979%;height: 24px;background-color: #41fc12;text-align: center\" data-sheets-value=\"{&quot;1&quot;:2,&quot;2&quot;:&quot;teletrabalho&quot;}\">teletrabalho<\/td>\n<td style=\"width: 83.9054%;height: 24px;background-color: #0fdbf2;text-align: center\" data-sheets-value=\"{&quot;1&quot;:2,&quot;2&quot;:&quot;teletrabalho&quot;}\">presencial<\/td>\n<\/tr>\n<tr style=\"height: 24px\">\n<td style=\"width: 40.6364%;height: 24px;text-align: center\" data-sheets-value=\"{&quot;1&quot;:2,&quot;2&quot;:&quot;ter\u00e7a-feira&quot;}\">ter\u00e7a-feira<\/td>\n<td style=\"width: 30.4979%;height: 24px;background-color: #41fc12;text-align: center\" data-sheets-value=\"{&quot;1&quot;:2,&quot;2&quot;:&quot;teletrabalho&quot;}\">teletrabalho<\/td>\n<td style=\"width: 83.9054%;height: 24px;background-color: #0fdbf2;text-align: center\" data-sheets-value=\"{&quot;1&quot;:2,&quot;2&quot;:&quot;teletrabalho&quot;}\">presencial<\/td>\n<\/tr>\n<tr style=\"height: 24px\">\n<td style=\"width: 40.6364%;height: 24px;text-align: center\" data-sheets-value=\"{&quot;1&quot;:2,&quot;2&quot;:&quot;quarta-feira&quot;}\">quarta-feira<\/td>\n<td style=\"width: 30.4979%;height: 24px;background-color: #41fc12;text-align: center\" data-sheets-value=\"{&quot;1&quot;:2,&quot;2&quot;:&quot;teletrabalho&quot;}\">teletrabalho<\/td>\n<td style=\"width: 83.9054%;height: 24px;text-align: center;background-color: #0fdbf2\" data-sheets-value=\"{&quot;1&quot;:2,&quot;2&quot;:&quot;presencial&quot;}\">presencial<\/td>\n<\/tr>\n<tr style=\"height: 24px\">\n<td style=\"width: 40.6364%;height: 24px;text-align: center\" data-sheets-value=\"{&quot;1&quot;:2,&quot;2&quot;:&quot;quinta-feira&quot;}\">quinta-feira<\/td>\n<td style=\"width: 30.4979%;height: 24px;background-color: #41fc12;text-align: center\" data-sheets-value=\"{&quot;1&quot;:2,&quot;2&quot;:&quot;presencial&quot;}\">teletrabalho<\/td>\n<td style=\"width: 83.9054%;height: 24px;text-align: center;background-color: #0fdbf2\" data-sheets-value=\"{&quot;1&quot;:2,&quot;2&quot;:&quot;presencial&quot;}\">presencial<\/td>\n<\/tr>\n<tr style=\"height: 24px\">\n<td style=\"width: 40.6364%;height: 24px;text-align: center\" data-sheets-value=\"{&quot;1&quot;:2,&quot;2&quot;:&quot;sexta-feira&quot;}\">sexta-feira<\/td>\n<td style=\"width: 30.4979%;height: 24px;background-color: #41fc12;text-align: center\" data-sheets-value=\"{&quot;1&quot;:2,&quot;2&quot;:&quot;presencial&quot;}\">teletrabalho<\/td>\n<td style=\"width: 83.9054%;height: 24px;text-align: center;background-color: #0fdbf2\" data-sheets-value=\"{&quot;1&quot;:2,&quot;2&quot;:&quot;presencial&quot;}\">presencial<\/td>\n<\/tr>\n<\/tbody>\n<\/table>\n<p>&nbsp;<\/p>\n<p style=\"margin: 0cm;margin-bottom: .0001pt\"><strong>Endere\u00e7o:<\/strong><\/p>\n<p style=\"margin: 0cm;margin-bottom: .0001pt\">Faculdade de Artes, Letras e Comunica\u00e7\u00e3o (FAALC) &#8211; Unidade 8<br \/>\nAv. Costa e Silva, s\/n\u00ba &#8211; Bairro Universit\u00e1rio CEP: 79070-900 Campo Grande\/MS<\/p>\n<p>&nbsp;<\/p>\n","protected":false},"excerpt":{"rendered":"<p>Calend\u00e1rio acad\u00eamico UFMS &nbsp; Coordenador local: Jorge Augusto Mendes Geraldo &nbsp; Secretaria:\u00a0 Diani Pereira E-mail: profartes.faalc@ufms.br Telefone: 3345-7659 (WhatsApp) Hor\u00e1rio de atendimento: de segunda-feira a sexta-feira das 07h \u00e0s 11h e das 13h \u00e0s 17h 7h &#8211; 11h 13h &#8211; 17h segunda-feira teletrabalho presencial ter\u00e7a-feira teletrabalho presencial quarta-feira teletrabalho presencial quinta-feira teletrabalho presencial sexta-feira teletrabalho [&hellip;]<\/p>\n","protected":false},"author":1674,"featured_media":0,"parent":0,"menu_order":0,"comment_status":"closed","ping_status":"closed","template":"","meta":{"footnotes":""},"coauthors":[5],"class_list":["post-53","page","type-page","status-publish","hentry"],"_links":{"self":[{"href":"https:\/\/ppgartes.ufms.br\/en\/wp-json\/wp\/v2\/pages\/53","targetHints":{"allow":["GET"]}}],"collection":[{"href":"https:\/\/ppgartes.ufms.br\/en\/wp-json\/wp\/v2\/pages"}],"about":[{"href":"https:\/\/ppgartes.ufms.br\/en\/wp-json\/wp\/v2\/types\/page"}],"author":[{"embeddable":true,"href":"https:\/\/ppgartes.ufms.br\/en\/wp-json\/wp\/v2\/users\/1674"}],"replies":[{"embeddable":true,"href":"https:\/\/ppgartes.ufms.br\/en\/wp-json\/wp\/v2\/comments?post=53"}],"version-history":[{"count":16,"href":"https:\/\/ppgartes.ufms.br\/en\/wp-json\/wp\/v2\/pages\/53\/revisions"}],"predecessor-version":[{"id":1205,"href":"https:\/\/ppgartes.ufms.br\/en\/wp-json\/wp\/v2\/pages\/53\/revisions\/1205"}],"wp:attachment":[{"href":"https:\/\/ppgartes.ufms.br\/en\/wp-json\/wp\/v2\/media?parent=53"}],"wp:term":[{"taxonomy":"author","embeddable":true,"href":"https:\/\/ppgartes.ufms.br\/en\/wp-json\/wp\/v2\/coauthors?post=53"}],"curies":[{"name":"wp","href":"https:\/\/api.w.org\/{rel}","templated":true}]}}