{"id":553,"date":"2022-11-11T19:24:22","date_gmt":"2022-11-11T23:24:22","guid":{"rendered":"https:\/\/ppgartes.ufms.br\/?page_id=553"},"modified":"2025-12-18T09:36:57","modified_gmt":"2025-12-18T13:36:57","slug":"apoio_a_pesquisa","status":"publish","type":"page","link":"https:\/\/ppgartes.ufms.br\/en\/apoio_a_pesquisa\/","title":{"rendered":"Apoio \u00e0 pesquisa"},"content":{"rendered":"<p><strong>Orienta\u00e7\u00f5es para o Trabalho Final de Curso no Mestrado Profissional em Artes:<\/strong><\/p>\n<ul>\n<li style=\"list-style-type: none\">\n<ul>\n<li>Material elaborado pelo Prof. Alexandre Guimar\u00e3es (PROFARTES\/IFG): <strong><a href=\"https:\/\/ppgartes.ufms.br\/files\/2023\/10\/ORIENTA_prodTecnica-ProfArtes.pdf\" target=\"_blank\" rel=\"noopener\">AQUI<\/a>.<\/strong><\/li>\n<\/ul>\n<\/li>\n<\/ul>\n<p style=\"padding-left: 40px\"><strong>Modelo para <\/strong><strong>Trabalhos Finais de Curso<\/strong><\/p>\n<p style=\"padding-left: 40px\"><a href=\"https:\/\/ppgartes.ufms.br\/files\/2025\/01\/SEI_UFMS-5334170-Res-186-ModeloTFC-final-UFMS.pdf\" target=\"_blank\" rel=\"noopener\">Resolu\u00e7\u00e3o n\u00ba 186 \u2013 CPOS\/PROFARTES\/FAALC\/UFMS, de 13-12-2024<\/a>\u2013 Modelo para estrutura\u00e7\u00e3o e apresenta\u00e7\u00e3o de Trabalhos Finais de Curso ao PPG<\/p>\n<p><strong>Produ\u00e7\u00e3o T\u00e9cnica <\/strong>(CAPES)<strong>:<\/strong><\/p>\n<p style=\"padding-left: 80px\">GOVERNO FEDERAL. <strong>Produ\u00e7\u00e3o T\u00e9cnica &#8211; Grupo de Trabalho<\/strong>. CAPES, 2019. Dispon\u00edvel em: <a href=\"https:\/\/www.gov.br\/capes\/pt-br\/centrais-de-conteudo\/10062019-producao-tecnica-pdf\" target=\"_blank\" rel=\"noopener\">https:\/\/www.gov.br\/capes\/pt-br\/centrais-deconteudo\/10062019-producao-tecnica-pdf<\/a>. Acesso 09 out. 2023.<\/p>\n<h5><strong>*\u00a0 \u00a0*\u00a0 \u00a0 *\u00a0 \u00a0 *\u00a0 \u00a0 *\u00a0 \u00a0 *\u00a0 \u00a0 *\u00a0 \u00a0 *\u00a0 \u00a0 *\u00a0 \u00a0 *\u00a0 \u00a0 *\u00a0 \u00a0 *\u00a0 \u00a0 *<\/strong><\/h5>\n<p><strong>Documento de \u00e1rea:<\/strong><\/p>\n<p>Ci\u00eancias e Humanidades para a Educa\u00e7\u00e3o B\u00e1sica &#8211; <strong>\u00c1rea 51. <\/strong>Dispon\u00edvel em<strong>: <\/strong><a href=\"https:\/\/www.gov.br\/capes\/pt-br\/acesso-a-informacao\/acoes-e-programas\/avaliacao\/sobre-a-avaliacao\/areas-avaliacao\/sobre-as-areas-de-avaliacao\/colegio-de-ciencias-exatas-tecnologicas-e-multidisciplinar\/multidisciplinar\/CHEB_DOCAREA_2025_2028.pdf\" target=\"_blank\" rel=\"noopener\">Diretrizes espec\u00edficas &#8211; 2025-2028<\/a><\/p>\n<h5><strong>*\u00a0 \u00a0*\u00a0 \u00a0 *\u00a0 \u00a0 *\u00a0 \u00a0 *\u00a0 \u00a0 *\u00a0 \u00a0 *\u00a0 \u00a0 *\u00a0 \u00a0 *\u00a0 \u00a0 *\u00a0 \u00a0 *\u00a0 \u00a0 *\u00a0 \u00a0 *<\/strong><\/h5>\n<h5 class=\"slogan\" style=\"padding-left: 40px\"><span style=\"font-size: 12pt\">Calend\u00e1rio Acad\u00eamico<\/span><\/h5>\n<ul>\n<li style=\"list-style-type: none\">\n<ul>\n<li>Link de acesso \u00e0 p\u00e1gina com o calend\u00e1rio acad\u00eamico para os cursos de gradua\u00e7\u00e3o e p\u00f3s-gradua\u00e7\u00e3o da Funda\u00e7\u00e3o Universidade Federal de Mato Grosso do Sul: <a href=\"https:\/\/prograd.ufms.br\/calendario-academico\/\" target=\"_blank\" rel=\"noopener\">AQUI<\/a><\/li>\n<\/ul>\n<\/li>\n<\/ul>\n<h5><strong>*\u00a0 \u00a0*\u00a0 \u00a0 *\u00a0 \u00a0 *\u00a0 \u00a0 *\u00a0 \u00a0 *\u00a0 \u00a0 *\u00a0 \u00a0 *\u00a0 \u00a0 *\u00a0 \u00a0 *\u00a0 \u00a0 *\u00a0 \u00a0 *\u00a0 \u00a0 *<\/strong><\/h5>\n<h5 class=\"slogan\" style=\"padding-left: 40px\"><span style=\"font-size: 12pt\">QUALIS \u2013 Classifica\u00e7\u00e3o de peri\u00f3dicos CAPES<\/span><\/h5>\n<ul>\n<li style=\"list-style-type: none\">\n<ul>\n<li>Sistema de classifica\u00e7\u00e3o de peri\u00f3dicos cient\u00edficos utilizado no Brasil, desenvolvido pela Coordena\u00e7\u00e3o de Aperfei\u00e7oamento de Pessoal de N\u00edvel Superior (CAPES): <a href=\"https:\/\/sucupira.capes.gov.br\/sucupira\/public\/consultas\/coleta\/veiculoPublicacaoQualis\/listaConsultaGeralPeriodicos.jsf\" target=\"_blank\" rel=\"noopener\">AQUI<\/a>.<\/li>\n<\/ul>\n<\/li>\n<\/ul>\n<h5><strong>*\u00a0 \u00a0*\u00a0 \u00a0 *\u00a0 \u00a0 *\u00a0 \u00a0 *\u00a0 \u00a0 *\u00a0 \u00a0 *\u00a0 \u00a0 *\u00a0 \u00a0 *\u00a0 \u00a0 *\u00a0 \u00a0 *\u00a0 \u00a0 *\u00a0 \u00a0 *<\/strong><\/h5>\n<h5 class=\"slogan\" style=\"padding-left: 40px\"><span style=\"font-size: 12pt\">CEP \u2013 Comit\u00ea de \u00c9tica em Pesquisa com Seres Humanos<\/span><\/h5>\n<ul>\n<li style=\"list-style-type: none\">\n<ul>\n<li>P\u00e1gina oficial da UFMS com\u00a0 orienta\u00e7\u00f5es e calend\u00e1rio de reuni\u00f5es: <a href=\"https:\/\/cep.ufms.br\/\" target=\"_blank\" rel=\"noopener\">AQUI<\/a>.<\/li>\n<\/ul>\n<\/li>\n<\/ul>\n<p style=\"padding-left: 120px\"><span style=\"font-size: 10pt\">Resolu\u00e7\u00e3o CNS n\u00ba 466\/2012 &#8211; <a href=\"https:\/\/bvsms.saude.gov.br\/bvs\/saudelegis\/cns\/2016\/res0510_07_04_2016.html\" target=\"_blank\" rel=\"noopener\">diretrizes para pesquisa e testes em seres humanos<\/a>.<\/span><\/p>\n<p style=\"padding-left: 120px\"><span style=\"font-size: 10pt\">Resolu\u00e7\u00e3o CNS n\u00ba 510\/2016 &#8211; <a href=\"https:\/\/bvsms.saude.gov.br\/bvs\/saudelegis\/cns\/2016\/res0510_07_04_2016.html\" target=\"_blank\" rel=\"noopener\">normas aplic\u00e1veis a pesquisas em Ci\u00eancias Humanas e Sociais<\/a>.<\/span><\/p>\n<p style=\"padding-left: 80px\"><strong>E-mail<\/strong> do CEP\/UFMS: cepconep.propp@ufms.br<br \/>\n<strong>Telefone<\/strong>: (67) 3345-7187<\/p>\n<h5><strong>*\u00a0 \u00a0*\u00a0 \u00a0 *\u00a0 \u00a0 *\u00a0 \u00a0 *\u00a0 \u00a0 *\u00a0 \u00a0 *\u00a0 \u00a0 *\u00a0 \u00a0 *\u00a0 \u00a0 *\u00a0 \u00a0 *\u00a0 \u00a0 *\u00a0 \u00a0 *<\/strong><\/h5>\n<p>Os t\u00edtulos disponibilizados nesta p\u00e1gina s\u00e3o publica\u00e7\u00f5es originais do PPGARTES\/FAALC\/UFMS e de outros polos associados \u00e0 Rede Nacional ProfArtes.<\/p>\n<p><strong>*\u00a0 \u00a0*\u00a0 \u00a0 *\u00a0 \u00a0 *\u00a0 \u00a0 *\u00a0 \u00a0 *\u00a0 \u00a0 *\u00a0 \u00a0 *\u00a0 \u00a0 *\u00a0 \u00a0 *\u00a0 \u00a0 *\u00a0 \u00a0 *\u00a0 \u00a0 *<\/strong><\/p>\n<p><strong>Percursos na forma\u00e7\u00e3o em arte:<\/strong>\u00a0<strong><em>abordagens e reflex\u00f5es epistemol\u00f3gicas <\/em>(2022)<\/strong><\/p>\n<ul>\n<li>disponibilizado gratuitamente <a href=\"https:\/\/repositorio.ufms.br\/handle\/123456789\/5115\" target=\"_blank\" rel=\"noopener\">CLICANDO AQUI<\/a>.<\/li>\n<\/ul>\n<p><strong>Cole\u00e7\u00e3o ProfArtes &#8211; Escola e Arte (2020)<\/strong><\/p>\n<ul>\n<li><a href=\"http:\/\/www.udesc.br\/arquivos\/ceart\/id_cpmenu\/9373\/Escola_e_arte_Tomo_I_vol1_E_PDF_16565361612326_9373.pdf\" target=\"_blank\" rel=\"noopener\"><strong>Tomo I &#8211; Volume 01 &#8211; Propostas pedag\u00f3gicas<\/strong><\/a><\/li>\n<li><a href=\"http:\/\/www.udesc.br\/arquivos\/ceart\/id_cpmenu\/9373\/Escola_e_arte_Tomo_I_vol2_E_PDF_16565361715237_9373.pdf\" target=\"_blank\" rel=\"noopener\"><strong>Tomo I &#8211; Volume 02 &#8211; Propostas pedag\u00f3gicas<\/strong><\/a><\/li>\n<li><strong><a href=\"http:\/\/www.udesc.br\/arquivos\/ceart\/id_cpmenu\/9373\/Escola_e_arte_tomo_II_E_PDF_16565361811973_9373.pdf\" target=\"_blank\" rel=\"noopener\">Tomo II &#8211;\u00a0Discursos, pr\u00e1ticas e pol\u00edticas educacionais<\/a><\/strong><\/li>\n<li><a href=\"http:\/\/www.udesc.br\/arquivos\/ceart\/id_cpmenu\/9373\/Escola_e_arte_tomo_III_E_PDF_16565361895729_9373.pdf\" target=\"_blank\" rel=\"noopener\"><strong>Tomo III &#8211; Processos de cria\u00e7\u00e3o art\u00edstica<\/strong><\/a><\/li>\n<\/ul>\n<p><strong>*\u00a0 \u00a0*\u00a0 \u00a0 *\u00a0 \u00a0 *\u00a0 \u00a0 *\u00a0 \u00a0 *\u00a0 \u00a0 *\u00a0 \u00a0 *\u00a0 \u00a0 *\u00a0 \u00a0 *\u00a0 \u00a0 *\u00a0 \u00a0 *\u00a0 \u00a0 *<\/strong><\/p>\n<p><strong>Revista Nupeart- ProfArtes (formato on-line) <\/strong><\/p>\n<ul>\n<li>Publica\u00e7\u00e3o interdisciplinar de car\u00e1ter acad\u00eamico do Mestrado Profissional em Artes: <a href=\"https:\/\/revistas.udesc.br\/index.php\/nupeart\" target=\"_blank\" rel=\"noopener\">AQUI<\/a>.<\/li>\n<\/ul>\n<p><strong>*\u00a0 \u00a0*\u00a0 \u00a0 *\u00a0 \u00a0 *\u00a0 \u00a0 *\u00a0 \u00a0 *\u00a0 \u00a0 *\u00a0 \u00a0 *\u00a0 \u00a0 *\u00a0 \u00a0 *\u00a0 \u00a0 *\u00a0 \u00a0 *\u00a0 \u00a0 *<\/strong><\/p>\n<p><strong>Materiais did\u00e1ticos (produ\u00e7\u00f5es do PPGArtes) <\/strong><\/p>\n<ul>\n<li>Listagem no reposit\u00f3rio acad\u00eamico da UFMS com os materiais did\u00e1ticos: <a href=\"https:\/\/repositorio.ufms.br\/handle\/123456789\/9483\" target=\"_blank\" rel=\"noopener\">AQUI<\/a>.<\/li>\n<\/ul>\n<p><strong>*\u00a0 \u00a0*\u00a0 \u00a0 *\u00a0 \u00a0 *\u00a0 \u00a0 *\u00a0 \u00a0 *\u00a0 \u00a0 *\u00a0 \u00a0 *\u00a0 \u00a0 *\u00a0 \u00a0 *\u00a0 \u00a0 *\u00a0 \u00a0 *\u00a0 \u00a0 *<\/strong><\/p>\n<p><strong>Col\u00f3quio de Pesquisas e Semin\u00e1rio<\/strong> &#8211; p\u00e1gina do evento<\/p>\n<ul>\n<li>S\u00edtio com <strong>Anais<\/strong> de trabalhos apresentados por discentes do Curso de Mestrado Profissional em Artes desde 2021: <a href=\"https:\/\/coloquioartesvisua.wixsite.com\/coloquioartes\" target=\"_blank\" rel=\"noopener\">AQUI<\/a>.<\/li>\n<\/ul>\n<p><strong>*\u00a0 \u00a0*\u00a0 \u00a0 *\u00a0 \u00a0 *\u00a0 \u00a0 *\u00a0 \u00a0 *\u00a0 \u00a0 *\u00a0 \u00a0 *\u00a0 \u00a0 *\u00a0 \u00a0 *\u00a0 \u00a0 *\u00a0 \u00a0 *\u00a0 \u00a0 *<\/strong><\/p>\n","protected":false},"excerpt":{"rendered":"<p>Orienta\u00e7\u00f5es para o Trabalho Final de Curso no Mestrado Profissional em Artes: Material elaborado pelo Prof. Alexandre Guimar\u00e3es (PROFARTES\/IFG): AQUI. Modelo para Trabalhos Finais de Curso Resolu\u00e7\u00e3o n\u00ba 186 \u2013 CPOS\/PROFARTES\/FAALC\/UFMS, de 13-12-2024\u2013 Modelo para estrutura\u00e7\u00e3o e apresenta\u00e7\u00e3o de Trabalhos Finais de Curso ao PPG Produ\u00e7\u00e3o T\u00e9cnica (CAPES): GOVERNO FEDERAL. Produ\u00e7\u00e3o T\u00e9cnica &#8211; Grupo de [&hellip;]<\/p>\n","protected":false},"author":1674,"featured_media":0,"parent":0,"menu_order":0,"comment_status":"closed","ping_status":"closed","template":"","meta":{"footnotes":""},"coauthors":[5],"class_list":["post-553","page","type-page","status-publish","hentry"],"_links":{"self":[{"href":"https:\/\/ppgartes.ufms.br\/en\/wp-json\/wp\/v2\/pages\/553","targetHints":{"allow":["GET"]}}],"collection":[{"href":"https:\/\/ppgartes.ufms.br\/en\/wp-json\/wp\/v2\/pages"}],"about":[{"href":"https:\/\/ppgartes.ufms.br\/en\/wp-json\/wp\/v2\/types\/page"}],"author":[{"embeddable":true,"href":"https:\/\/ppgartes.ufms.br\/en\/wp-json\/wp\/v2\/users\/1674"}],"replies":[{"embeddable":true,"href":"https:\/\/ppgartes.ufms.br\/en\/wp-json\/wp\/v2\/comments?post=553"}],"version-history":[{"count":17,"href":"https:\/\/ppgartes.ufms.br\/en\/wp-json\/wp\/v2\/pages\/553\/revisions"}],"predecessor-version":[{"id":1203,"href":"https:\/\/ppgartes.ufms.br\/en\/wp-json\/wp\/v2\/pages\/553\/revisions\/1203"}],"wp:attachment":[{"href":"https:\/\/ppgartes.ufms.br\/en\/wp-json\/wp\/v2\/media?parent=553"}],"wp:term":[{"taxonomy":"author","embeddable":true,"href":"https:\/\/ppgartes.ufms.br\/en\/wp-json\/wp\/v2\/coauthors?post=553"}],"curies":[{"name":"wp","href":"https:\/\/api.w.org\/{rel}","templated":true}]}}