{"id":56,"date":"2020-06-04T22:46:31","date_gmt":"2020-06-05T02:46:31","guid":{"rendered":"https:\/\/ppgartes.ufms.br\/?page_id=56"},"modified":"2026-02-27T09:38:22","modified_gmt":"2026-02-27T13:38:22","slug":"regimentos","status":"publish","type":"page","link":"https:\/\/ppgartes.ufms.br\/en\/regimentos\/","title":{"rendered":"Documenta\u00e7\u00e3o"},"content":{"rendered":"<p><strong>REGULAMENTA\u00c7\u00c3O PROEB<\/strong><\/p>\n<p><a href=\"https:\/\/ppgartes.ufms.br\/files\/2024\/10\/Portaria-no-207-de-4-de-Julho-de-2024.pdf\" target=\"_blank\" rel=\"noopener\"><strong>Portaria CAPES n\u00ba 207, de 4 de julho de 2024<\/strong><\/a> &#8211; Di\u00e1rio Oficial &#8211; Regulamenta o Programa de P\u00f3s-Gradua\u00e7\u00e3o stricto sensu para Qualifica\u00e7\u00e3o de Professores da Rede P\u00fablica da Educa\u00e7\u00e3o B\u00e1sica (PROEB)<\/p>\n<p style=\"padding-left: 40px\"><a href=\"https:\/\/ppgartes.ufms.br\/files\/2025\/03\/Portaria_2551317_SEI_2412682_Portaria_GAB_207__5_.pdf\" target=\"_blank\" rel=\"noopener\"><strong>Portaria CAPES n\u00ba 207, de 4 de julho de 2024<\/strong><\/a> &#8211; vers\u00e3o SEI 23038.007026\/2023-51<\/p>\n<p><strong>DOCUMENTA\u00c7\u00c3O GERAL DO CURSO &#8211; PROFARTES em Rede Nacional<\/strong><\/p>\n<p><a href=\"https:\/\/ppgartes.ufms.br\/files\/2023\/05\/pces023_14.pdf\"><strong>Parecer CNE\/CES n\u00ba: 23\/2014<\/strong><\/a><\/p>\n<p><strong><a href=\"http:\/\/secon.udesc.br\/consepe\/resol\/2016\/001-2016-cpe.pdf\" target=\"_blank\" rel=\"noopener\">Resolu\u00e7\u00e3o n\u00ba 001 &#8211; CONSEPE\/UDESC de 18-01-2016<\/a>\u00a0<\/strong>&#8211; regimento<\/p>\n<p><a href=\"http:\/\/secon.udesc.br\/consepe\/resol-anexos\/2016\/040-2016-cpe.anexo.pdf\" target=\"_blank\" rel=\"noopener\"><strong>Reforma curricular 08\/2016<\/strong><\/a> &#8211; vigente<\/p>\n<p><strong><a href=\"https:\/\/ppgartes.ufms.br\/files\/2023\/05\/Oficio_1199343.pdf\">Of\u00edcio n\u00ba 102\/2020-CPCF\/CGPC\/DED\/CAPES &#8211; expans\u00e3o e gest\u00e3o compartilhada<\/a><\/strong><\/p>\n<p><strong>DOCUMENTA\u00c7\u00c3O INTERNA DO PPG &#8211; UFMS<\/strong><\/p>\n<p><a href=\"https:\/\/boletimoficial.ufms.br\/bse\/publicacao?id=564874\" target=\"_blank\" rel=\"noopener\"><strong>RESOLU\u00c7\u00c3O N\u00ba 1.035-COPP\/UFMS, DE 23 DE JUNHO DE 2025 <\/strong><\/a>&#8211; Normas da P\u00f3s-Gradua\u00e7\u00e3o Stricto Sensu da Funda\u00e7\u00e3o Universidade Federal de Mato Grosso do Sul<\/p>\n<p><strong><a href=\"https:\/\/boletimoficial.ufms.br\/bse\/publicacao?id=564534\" target=\"_blank\" rel=\"noopener noreferrer\">Resolu\u00e7\u00e3o n\u00ba412-COUN\/UFMS, de 01-07-2025 <\/a><\/strong>&#8211; Pol\u00edtica de Inclus\u00e3o, A\u00e7\u00f5es Afirmavas e Cidadania &#8211; PIAAC da Funda\u00e7\u00e3o Universidade Federal de Mato Grosso do Sul<\/p>\n<p><a href=\"https:\/\/boletimoficial.ufms.br\/bse\/publicacao?id=467210\" target=\"_blank\" rel=\"noopener\"><strong>Resolu\u00e7\u00e3o n\u00ba 206-COUN\/UFMS, de 01-09-2022<\/strong><\/a> &#8211; Reserva de vagas para A\u00e7\u00f5es Afirmativas.<\/p>\n<p><a href=\"https:\/\/boletimoficial.ufms.br\/bse\/publicacao?id=564873\" target=\"_blank\" rel=\"noopener noreferrer\"><strong>Resolu\u00e7\u00e3o n\u00ba 1.034-COPP\/UFMS de 23-06-2025<\/strong><\/a>\u00a0&#8211; Regulamento da Comiss\u00e3o Acad\u00eamica Local de Curso (CALC)<\/p>\n<p><strong><a href=\"https:\/\/ppgartes.ufms.br\/files\/2021\/08\/Resolucao_463-Estrutura-do-Curso.pdf\" target=\"_blank\" rel=\"noopener\">Resolu\u00e7\u00e3o n\u00ba 463 &#8211; CAS\/FAALC\/UFMS de 05-07-2021<\/a>\u00a0<\/strong>&#8211; Estrutura curricular do Prof-Artes\/FAALC\/UFMS<\/p>\n<p><strong>REGULAMENTO DO PROF-ARTES\/FAALC\/UFMS<\/strong><\/p>\n<p><a href=\"https:\/\/ppgartes.ufms.br\/files\/2023\/06\/SEI_UFMS-4103302-Regulamento_Profartes.pdf\" target=\"_blank\" rel=\"noopener\"><strong>Resolu\u00e7\u00e3o n\u00ba 83 &#8211; CPOS\/PROFARTES\/FAALC\/UFMS de 26-05-2023<\/strong><\/a> &#8211; Regulamento do PPG<\/p>\n<p><strong>MODELO PARA <\/strong><strong>TRABALHOS FINAIS DE CURSO<\/strong><\/p>\n<p><a href=\"https:\/\/ppgartes.ufms.br\/files\/2025\/01\/SEI_UFMS-5334170-Res-186-ModeloTFC-final-UFMS.pdf\" target=\"_blank\" rel=\"noopener\">Resolu\u00e7\u00e3o n\u00ba 186 &#8211; CPOS\/PROFARTES\/FAALC\/UFMS, de 13-12-2024<\/a>&#8211; Modelo para estrutura\u00e7\u00e3o e apresenta\u00e7\u00e3o de Trabalhos Finais de Curso ao PPG<\/p>\n<p><strong>&#8211; &#8211; &#8211; &#8211; &#8211; &#8211; &#8211; &#8211; &#8211; &#8211; &#8211; &#8211; &#8211; &#8211; &#8211; &#8211; &#8211; &#8211; &#8211; &#8211; &#8211; &#8211; &#8211; &#8211; &#8211; &#8211;<\/strong><\/p>\n<p><strong>ESTRUTURA CURRICULAR\u00a0<\/strong><\/p>\n<p><strong>Resolu\u00e7\u00e3o n\u00ba 250<\/strong>-CPOS-PROFARTES\/ FAALC\/UFMS, de 10\/02\/2026. <a href=\"https:\/\/boletimoficial.ufms.br\/bse\/publicacao?id=586149\" target=\"_blank\" rel=\"noopener\" data-cke-saved-href=\"https:\/\/boletimoficial.ufms.br\/bse\/publicacao?id=586149\" data-reflinkpro=\"Quen9Dme\">https:\/\/boletimoficial.ufms.br\/bse\/publicacao?id=586149 <\/a>(Publicado BO &#8211; N\u00b0 8734 &#8211; 11\/02\/2026)<\/p>\n<p><strong>Resolu\u00e7\u00e3o n\u00ba 1573<\/strong>-CAS\/FAALC\/UFMS, de 11\/02\/2026. <a href=\"https:\/\/boletimoficial.ufms.br\/bse\/publicacao?id=586409\" target=\"_blank\" rel=\"noopener\" data-cke-saved-href=\"https:\/\/boletimoficial.ufms.br\/bse\/publicacao?id=586409\">https:\/\/boletimoficial.ufms.br\/bse\/publicacao?id=586409<\/a>\u00a0(Publicado BO &#8211; N\u00b0 8735 &#8211; 12\/02\/2026)<\/p>\n<p><strong>Resolu\u00e7\u00e3o n\u00ba 1.157<\/strong>, COPP\/UFMS, de 19\/02\/2026. <a href=\"https:\/\/boletimoficial.ufms.br\/bse\/publicacao?id=587221\" target=\"_blank\" rel=\"noopener\" data-cke-saved-href=\"https:\/\/boletimoficial.ufms.br\/bse\/publicacao?id=587221\">https:\/\/boletimoficial.ufms.br\/bse\/publicacao?id=587221<\/a>, de\u00a0(Publicado BO &#8211; N\u00b0 8741 &#8211; 23\/02\/2026)<\/p>\n<p><strong>&#8211; &#8211; &#8211; &#8211; &#8211; &#8211; &#8211; &#8211; &#8211; &#8211; &#8211; &#8211; &#8211; &#8211; &#8211; &#8211; &#8211; &#8211; &#8211; &#8211; &#8211; &#8211; &#8211; &#8211; &#8211; &#8211;<\/strong><\/p>\n<p><a href=\"https:\/\/prograd.ufms.br\/calendario-academico\/\" target=\"_blank\" rel=\"noopener\"><strong>Calend\u00e1rio acad\u00eamico UFMS<\/strong><\/a><\/p>\n","protected":false},"excerpt":{"rendered":"<p>REGULAMENTA\u00c7\u00c3O PROEB Portaria CAPES n\u00ba 207, de 4 de julho de 2024 &#8211; Di\u00e1rio Oficial &#8211; Regulamenta o Programa de P\u00f3s-Gradua\u00e7\u00e3o stricto sensu para Qualifica\u00e7\u00e3o de Professores da Rede P\u00fablica da Educa\u00e7\u00e3o B\u00e1sica (PROEB) Portaria CAPES n\u00ba 207, de 4 de julho de 2024 &#8211; vers\u00e3o SEI 23038.007026\/2023-51 DOCUMENTA\u00c7\u00c3O GERAL DO CURSO &#8211; PROFARTES em [&hellip;]<\/p>\n","protected":false},"author":1674,"featured_media":0,"parent":0,"menu_order":0,"comment_status":"closed","ping_status":"closed","template":"","meta":{"footnotes":""},"coauthors":[5],"class_list":["post-56","page","type-page","status-publish","hentry"],"_links":{"self":[{"href":"https:\/\/ppgartes.ufms.br\/en\/wp-json\/wp\/v2\/pages\/56","targetHints":{"allow":["GET"]}}],"collection":[{"href":"https:\/\/ppgartes.ufms.br\/en\/wp-json\/wp\/v2\/pages"}],"about":[{"href":"https:\/\/ppgartes.ufms.br\/en\/wp-json\/wp\/v2\/types\/page"}],"author":[{"embeddable":true,"href":"https:\/\/ppgartes.ufms.br\/en\/wp-json\/wp\/v2\/users\/1674"}],"replies":[{"embeddable":true,"href":"https:\/\/ppgartes.ufms.br\/en\/wp-json\/wp\/v2\/comments?post=56"}],"version-history":[{"count":25,"href":"https:\/\/ppgartes.ufms.br\/en\/wp-json\/wp\/v2\/pages\/56\/revisions"}],"predecessor-version":[{"id":1222,"href":"https:\/\/ppgartes.ufms.br\/en\/wp-json\/wp\/v2\/pages\/56\/revisions\/1222"}],"wp:attachment":[{"href":"https:\/\/ppgartes.ufms.br\/en\/wp-json\/wp\/v2\/media?parent=56"}],"wp:term":[{"taxonomy":"author","embeddable":true,"href":"https:\/\/ppgartes.ufms.br\/en\/wp-json\/wp\/v2\/coauthors?post=56"}],"curies":[{"name":"wp","href":"https:\/\/api.w.org\/{rel}","templated":true}]}}