{"id":69,"date":"2020-06-05T00:17:44","date_gmt":"2020-06-05T04:17:44","guid":{"rendered":"https:\/\/ppgartes.ufms.br\/?page_id=69"},"modified":"2025-07-14T12:01:37","modified_gmt":"2025-07-14T16:01:37","slug":"comissao-academica-local-de-curso","status":"publish","type":"page","link":"https:\/\/ppgartes.ufms.br\/en\/comissao-academica-local-de-curso\/","title":{"rendered":"Comiss\u00e3o Acad\u00eamica Local de Curso"},"content":{"rendered":"<p>Comiss\u00e3o Acad\u00eamica Local de Curso (CALC) \u00e9 \u00f3rg\u00e3o de <strong>natureza executiva e deliberava<\/strong>, destinada \u00e0 gest\u00e3o dos Cursos de Mestrado\/Doutorado em Rede oferecidos no \u00e2mbito da UFMS, por meio das Unidades da Administra\u00e7\u00e3o Setorial.<\/p>\n<p><strong>Gest\u00e3o 2025-2027 do Prof-Artes\/FAALC\/UFMS<\/strong>:<\/p>\n<ul>\n<li>Prof. Dr. Jorge Augusto Mendes Geraldo (presidente\/coordenador)<\/li>\n<li>Prof. Dr. Rafael Duailibi Maldonado (vice presidente\/vice coordenador)<\/li>\n<li>Prof.\u00a0 Dr. Gustavo Rodrigues Penha<\/li>\n<li>Profa. Dra. Simone Rocha de Abreu<\/li>\n<\/ul>\n<p><strong>Gest\u00e3o 2022-2025 do Prof-Artes\/FAALC\/UFMS<\/strong>:<\/p>\n<ul>\n<li>Prof. Dr. Paulo C\u00e9sar Antonini de Souza (presidente\/coordenador)<\/li>\n<li>Profa. Dra. Vera L\u00facia Penzo Fernandes (vice presidente\/vice coordenadora)<\/li>\n<li>Prof.\u00a0 Dr. Manoel Camara Rasslan<\/li>\n<li>Profa. Dra. Simone Rocha de Abreu<\/li>\n<\/ul>\n<p><strong>Gest\u00e3o 2019-2022 do Prof-Artes\/FAALC\/UFMS<\/strong>:<\/p>\n<ul>\n<li>Prof. Dr. Paulo C\u00e9sar Antonini de Souza (presidente\/coordenador)<\/li>\n<li>Profa. Dra. Gabriela Di Donato Salvador Santinho (vice presidente\/vice coordenadora)<\/li>\n<li>Prof.\u00a0 Dr. Manoel Camara Rasslan<\/li>\n<li>Prof. Dr. Paulo Cesar Duarte Paes<\/li>\n<\/ul>\n","protected":false},"excerpt":{"rendered":"<p>Comiss\u00e3o Acad\u00eamica Local de Curso (CALC) \u00e9 \u00f3rg\u00e3o de natureza executiva e deliberava, destinada \u00e0 gest\u00e3o dos Cursos de Mestrado\/Doutorado em Rede oferecidos no \u00e2mbito da UFMS, por meio das Unidades da Administra\u00e7\u00e3o Setorial. Gest\u00e3o 2025-2027 do Prof-Artes\/FAALC\/UFMS: Prof. Dr. Jorge Augusto Mendes Geraldo (presidente\/coordenador) Prof. Dr. Rafael Duailibi Maldonado (vice presidente\/vice coordenador) Prof.\u00a0 Dr. [&hellip;]<\/p>\n","protected":false},"author":1674,"featured_media":0,"parent":0,"menu_order":0,"comment_status":"closed","ping_status":"closed","template":"","meta":{"footnotes":""},"coauthors":[5],"class_list":["post-69","page","type-page","status-publish","hentry"],"_links":{"self":[{"href":"https:\/\/ppgartes.ufms.br\/en\/wp-json\/wp\/v2\/pages\/69","targetHints":{"allow":["GET"]}}],"collection":[{"href":"https:\/\/ppgartes.ufms.br\/en\/wp-json\/wp\/v2\/pages"}],"about":[{"href":"https:\/\/ppgartes.ufms.br\/en\/wp-json\/wp\/v2\/types\/page"}],"author":[{"embeddable":true,"href":"https:\/\/ppgartes.ufms.br\/en\/wp-json\/wp\/v2\/users\/1674"}],"replies":[{"embeddable":true,"href":"https:\/\/ppgartes.ufms.br\/en\/wp-json\/wp\/v2\/comments?post=69"}],"version-history":[{"count":11,"href":"https:\/\/ppgartes.ufms.br\/en\/wp-json\/wp\/v2\/pages\/69\/revisions"}],"predecessor-version":[{"id":1070,"href":"https:\/\/ppgartes.ufms.br\/en\/wp-json\/wp\/v2\/pages\/69\/revisions\/1070"}],"wp:attachment":[{"href":"https:\/\/ppgartes.ufms.br\/en\/wp-json\/wp\/v2\/media?parent=69"}],"wp:term":[{"taxonomy":"author","embeddable":true,"href":"https:\/\/ppgartes.ufms.br\/en\/wp-json\/wp\/v2\/coauthors?post=69"}],"curies":[{"name":"wp","href":"https:\/\/api.w.org\/{rel}","templated":true}]}}