{"id":7,"date":"2020-06-03T19:09:34","date_gmt":"2020-06-03T22:09:34","guid":{"rendered":"http:\/\/ppgartes.draconis.ufms.br\/?page_id=7"},"modified":"2025-09-12T10:49:31","modified_gmt":"2025-09-12T14:49:31","slug":"noticias","status":"publish","type":"page","link":"https:\/\/ppgartes.ufms.br\/en\/editais\/noticias\/","title":{"rendered":"Not\u00edcias"},"content":{"rendered":"<h3 class=\"big_title\"><span style=\"color: #339966;font-size: 14pt\">Edital de Acesso 4\/2025 \u2013 Atualizado 12\/09\/2025<\/span><\/h3>\n<div class=\"underlinebg\"><span style=\"font-size: 8pt\">A <\/span><span style=\"font-size: 8pt\">Coordena\u00e7\u00e3o Local do curso de <strong>Mestrado Profissional em Artes<\/strong>\u00a0em Rede Nacional \u2013\u00a0<strong>PROFARTES,<\/strong>\u00a0vinculado ao Programa de P\u00f3s-Gradua\u00e7\u00e3o em Artes \u2013 PPGARTES da Faculdade de Artes, Letras e Comunica\u00e7\u00e3o (FAALC), na Universidade Federal de Mato Grosso do Sul\/UFMS, atendendo o disposto no\u00a0<strong>Edital PROFARTES\/IARTE\/UFU n\u00ba 04\/2025<\/strong>, apresenta\u00a0<strong>nesta publica\u00e7\u00e3o<\/strong>\u00a0os\u00a0<strong>informes, ajustes e resultados<\/strong>, envolvendo o Exame Nacional de Acesso ao Mestrado Profissional em Artes \u2013 PROFARTES, para ingresso no primeiro semestre letivo de 2025.<\/span><\/div>\n<div class=\"row\">\n<div id=\"post-content\" class=\"page-header col-md-12\">\n<p><span style=\"font-size: 8pt\">O\u00a0<strong>Edital PROFARTES\/IARTE\/UFU n\u00ba 04\/2025<\/strong>, encontra-se e deve ser consultado\u00a0<strong>diretamente na p\u00e1gina da Coordena\u00e7\u00e3o Nacional,\u00a0<span style=\"color: #339966\"><a style=\"color: #339966\" href=\"https:\/\/www.iarte.ufu.br\/mestrado-profissional-em-artes-rede-nacional\" target=\"_blank\" rel=\"noopener\">na UFU<\/a><\/span><\/strong>.<\/span><\/p>\n<\/div>\n<\/div>\n<p><strong><span style=\"font-size: 8pt\">IV \u2013 DAS DISPOSI\u00c7\u00d5ES GERAIS SOBRE AS INSCRI\u00c7\u00d5ES<\/span><\/strong><br \/>\n<span style=\"font-size: 8pt\">4.1 A inscri\u00e7\u00e3o do\/a candidato\/a implicar\u00e1 na aceita\u00e7\u00e3o total e incondicional do Regimento do PROFARTES<\/span><br \/>\n<span style=\"font-size: 8pt\">4.2 As inscri\u00e7\u00f5es ser\u00e3o realizadas por meio da plataforma virtual da Coordena\u00e7\u00e3o Geral do PROFARTES, nos links espec\u00edficos que ser\u00e3o <\/span><span style=\"font-size: 8pt\">gerados pelas secretarias de cada IES Associada, informados em suas p\u00e1ginas e, tamb\u00e9m, na p\u00e1gina do Programa <\/span><span style=\"font-size: 8pt\">at\u00e9 <a href=\"https:\/\/profartes.iarte.ufu.br\/servicos\/rede-nacional\" target=\"_blank\" rel=\"noopener\">https:\/\/profartes.iarte.ufu.br\/servicos\/rede-nacional<\/a> o dia 30\/10\/2025.<\/span><\/p>\n<p><strong><span style=\"font-size: 8pt\">V \u2013 DA INSCRI\u00c7\u00c3O<\/span><\/strong><br \/>\n<span style=\"font-size: 8pt\">5.1 A inscri\u00e7\u00e3o ser\u00e1 feita via internet por meio dos links informados conforme o item 4.2, a partir das 00h00 do dia <strong>01\/10\/2025<\/strong> at\u00e9 \u00e0s 23h59 do dia <strong>30\/10\/2025<\/strong>, observando o <span style=\"text-decoration: underline\">hor\u00e1rio local de Bras\u00edlia<\/span>. (Item XVIII deste edital).<\/span><\/p>\n<p><a href=\"https:\/\/sites.google.com\/view\/editalprofartes2025\/in%C3%ADcio?authuser=7\" target=\"_blank\" rel=\"noopener\">https:\/\/sites.google.com\/view\/editalprofartes2025\/in%C3%ADcio?authuser=7<\/a><\/p>\n","protected":false},"excerpt":{"rendered":"<p>Edital de Acesso 4\/2025 \u2013 Atualizado 12\/09\/2025 A Coordena\u00e7\u00e3o Local do curso de Mestrado Profissional em Artes\u00a0em Rede Nacional \u2013\u00a0PROFARTES,\u00a0vinculado ao Programa de P\u00f3s-Gradua\u00e7\u00e3o em Artes \u2013 PPGARTES da Faculdade de Artes, Letras e Comunica\u00e7\u00e3o (FAALC), na Universidade Federal de Mato Grosso do Sul\/UFMS, atendendo o disposto no\u00a0Edital PROFARTES\/IARTE\/UFU n\u00ba 04\/2025, apresenta\u00a0nesta publica\u00e7\u00e3o\u00a0os\u00a0informes, ajustes e [&hellip;]<\/p>\n","protected":false},"author":1493,"featured_media":1134,"parent":47,"menu_order":0,"comment_status":"closed","ping_status":"closed","template":"page-templates\/page-noticias.php","meta":{"footnotes":""},"coauthors":[6],"class_list":["post-7","page","type-page","status-publish","has-post-thumbnail","hentry"],"_links":{"self":[{"href":"https:\/\/ppgartes.ufms.br\/en\/wp-json\/wp\/v2\/pages\/7","targetHints":{"allow":["GET"]}}],"collection":[{"href":"https:\/\/ppgartes.ufms.br\/en\/wp-json\/wp\/v2\/pages"}],"about":[{"href":"https:\/\/ppgartes.ufms.br\/en\/wp-json\/wp\/v2\/types\/page"}],"author":[{"embeddable":true,"href":"https:\/\/ppgartes.ufms.br\/en\/wp-json\/wp\/v2\/users\/1493"}],"replies":[{"embeddable":true,"href":"https:\/\/ppgartes.ufms.br\/en\/wp-json\/wp\/v2\/comments?post=7"}],"version-history":[{"count":9,"href":"https:\/\/ppgartes.ufms.br\/en\/wp-json\/wp\/v2\/pages\/7\/revisions"}],"predecessor-version":[{"id":1083,"href":"https:\/\/ppgartes.ufms.br\/en\/wp-json\/wp\/v2\/pages\/7\/revisions\/1083"}],"up":[{"embeddable":true,"href":"https:\/\/ppgartes.ufms.br\/en\/wp-json\/wp\/v2\/pages\/47"}],"wp:featuredmedia":[{"embeddable":true,"href":"https:\/\/ppgartes.ufms.br\/en\/wp-json\/wp\/v2\/media\/1134"}],"wp:attachment":[{"href":"https:\/\/ppgartes.ufms.br\/en\/wp-json\/wp\/v2\/media?parent=7"}],"wp:term":[{"taxonomy":"author","embeddable":true,"href":"https:\/\/ppgartes.ufms.br\/en\/wp-json\/wp\/v2\/coauthors?post=7"}],"curies":[{"name":"wp","href":"https:\/\/api.w.org\/{rel}","templated":true}]}}