{"id":72,"date":"2020-06-05T11:26:56","date_gmt":"2020-06-05T15:26:56","guid":{"rendered":"https:\/\/ppgartes.ufms.br\/?page_id=72"},"modified":"2026-01-05T15:43:37","modified_gmt":"2026-01-05T19:43:37","slug":"duvidas-frequentes","status":"publish","type":"page","link":"https:\/\/ppgartes.ufms.br\/en\/duvidas-frequentes\/","title":{"rendered":"D\u00favidas frequentes"},"content":{"rendered":"<p><a href=\"https:\/\/prograd.ufms.br\/calendario-academico\/\" target=\"_blank\" rel=\"noopener\"><strong>Calend\u00e1rio acad\u00eamico UFMS<\/strong><\/a><\/p>\n<p>&nbsp;<\/p>\n<p><span style=\"color: #000080\"><strong>Perfil para a candidatura:<\/strong><\/span><\/p>\n<ul>\n<li>Ser portador\/a de diploma de curso superior RECONHECIDO pelo Minist\u00e9rio da Educa\u00e7\u00e3o em qualquer \u00e1rea de forma\u00e7\u00e3o;<\/li>\n<li>Pertencer aos quadros de servidores\/as docentes de institui\u00e7\u00f5es de ensino da Educa\u00e7\u00e3o B\u00e1sica;<\/li>\n<li>Atuar no \u00e2mbito da Educa\u00e7\u00e3o B\u00e1sica em modalidade formal, estar em exerc\u00edcio em sala de aula, ministrando componente curricular Arte no momento de inscri\u00e7\u00e3o do processo seletivo e durante o curso, e comprovar pr\u00e1tica docente com o componente Arte com documenta\u00e7\u00e3o emitida pela escola;<\/li>\n<li>Comprometer-se a manter, durante o curso, carga hor\u00e1ria de ensino de Arte, salvo quando lhe for concedido afastamento da fun\u00e7\u00e3o docente em sala de aula da educa\u00e7\u00e3o b\u00e1sica para cursar este Mestrado, especificamente.<\/li>\n<li>Possuir Curr\u00edculo Lattes.<\/li>\n<\/ul>\n<p><strong>&#8211; &#8211; &#8211; &#8211; &#8211; &#8211; &#8211; &#8211; &#8211; &#8211; &#8211; &#8211; &#8211; &#8211; &#8211; &#8211; &#8211; &#8211; &#8211; &#8211; &#8211; &#8211; &#8211;<\/strong><\/p>\n<p>S\u00e3o <strong>exig\u00eancias da CAPES<\/strong> para a <strong>manuten\u00e7\u00e3o da matr\u00edcula<\/strong> no Programa de Mestrado Profissional PROFARTES:<\/p>\n<ul>\n<li>a presen\u00e7a f\u00edsica e \u00e0 dist\u00e2ncia em disciplinas oferecidas no campus da IES selecionada pelo\/a candidato\/a aprovado\/a;<\/li>\n<li>a presen\u00e7a regular nas reuni\u00f5es de orienta\u00e7\u00e3o, conforme agendamento e da forma combinada com o\/a orientador\/a;<\/li>\n<li>a realiza\u00e7\u00e3o de pesquisa no contexto escolar;<\/li>\n<li>o exerc\u00edcio cont\u00ednuo da reg\u00eancia de classe na Educa\u00e7\u00e3o B\u00e1sica, em sala de aula de Artes durante o per\u00edodo de matr\u00edcula no PROFARTES, salvo em caso de afastamento concedido especificamente para cursar este Mestrado &#8211; orienta\u00e7\u00f5es <a href=\"https:\/\/cad.capes.gov.br\/ato-administrativo-detalhar?idAtoAdmElastic=15731\" target=\"_blank\" rel=\"noopener\">aqui<\/a>.<\/li>\n<\/ul>\n<p><strong>&#8211; &#8211; &#8211; &#8211; &#8211; &#8211; &#8211; &#8211; &#8211; &#8211; &#8211; &#8211; &#8211; &#8211; &#8211; &#8211; &#8211; &#8211; &#8211; &#8211; &#8211; &#8211; &#8211;<\/strong><\/p>\n<p><span style=\"color: #333399\"><strong>Perguntas Frequentes<\/strong><\/span><\/p>\n<p><strong>1. Sou docente em escola p\u00fablica com v\u00ednculo por contrato. Posso cursar o mestrado profissional em artes na UFMS?<\/strong><\/p>\n<p>A partir do Edital de Acesso de 2023, objetivando a turma 2024, docentes que lecionam arte na rede p\u00fablica e atuem por contrato, observando-se o que estabelece o Edital ao qual concorreram, podem participar do processo seletivo.<\/p>\n<p><strong>2. Sou docente de Arte na escola de ensino b\u00e1sico, mas n\u00e3o estou em sala de aula. Posso cursar o mestrado profissional em artes na UFMS?<\/strong><\/p>\n<p>N\u00e3o. A professora ou o professor de Arte que queiram participar da sele\u00e7\u00e3o dever\u00e3o, obrigatoriamente, comprovar que se encontram em exerc\u00edcio docente em sala de aula.<\/p>\n<p><strong>3. Leciono o componente curricular Arte em escola particular. Posso cursar o mestrado profissional em artes na UFMS?<\/strong><\/p>\n<p>A partir do Edital de Acesso de 2024, objetivando a turma 2025, profissionais na fun\u00e7\u00e3o da doc\u00eancia atuando na Educa\u00e7\u00e3o B\u00e1sica em escolas particulares, observando-se o que estabelece o Edital ao qual concorreram, podem participar do processo seletivo.<\/p>\n<p><strong>4. Minha forma\u00e7\u00e3o \u00e9 em pedagogia. Posso cursar o mestrado profissional em artes na UFMS?<\/strong><\/p>\n<p>Profissionais de quaisquer \u00e1reas de forma\u00e7\u00e3o, desde que comprovem atua\u00e7\u00e3o docente com o componente curricular Arte (em sala de aula) no ato da inscri\u00e7\u00e3o e durante o curso, podem participar do processo seletivo.<\/p>\n<p><strong>5. Sou docente na Educa\u00e7\u00e3o Infantil, Posso cursar o mestrado profissional em artes na UFMS?<\/strong><\/p>\n<p>O Mestrado Profissional em Artes tem como objetivo capacitar professores e professoras na \u00e1rea de Arte, para o exerc\u00edcio da doc\u00eancia do componente curricular Arte no \u00e2mbito da Educa\u00e7\u00e3o B\u00e1sica em modalidade formal.<\/p>\n<p><strong>6. Docentes que atuam com o ensino de Arte n\u00e3o-formal podem participar?<\/strong><\/p>\n<p>Apenas docentes atuando na modalidade de ensino formal podem participar.<\/p>\n<p><strong>7. Quando come\u00e7ar\u00e3o as aulas?<\/strong><\/p>\n<p>O in\u00edcio das aulas do Curso de Mestrado Profissional em Artes em Rede Nacional, vinculado ao Programa de P\u00f3s-Gradua\u00e7\u00e3o em Artes na Faculdade de Artes, Letras e Comunica\u00e7\u00e3o da UFMS, acompanha o calend\u00e1rio acad\u00eamico institucional e o grupo ingressante, ap\u00f3s sua aprova\u00e7\u00e3o, recebe orienta\u00e7\u00f5es sobre matr\u00edcula e in\u00edcio das aulas por e-mail.<\/p>\n<p><strong>8. As aulas presenciais ser\u00e3o onde e em quais dias e hor\u00e1rios?<\/strong><\/p>\n<p>Na UFMS, o Curso de Mestrado Profissional em Artes em Rede Nacional est\u00e1 sediado na Unidade 8 da Cidade Universit\u00e1ria, em Campo Grande. As aulas presenciais acontecem semanalmente, \u00e0s quintas-feiras e sextas-feiras, sendo indispens\u00e1vel que a candidata e o candidato estejam cientes da presen\u00e7a obrigat\u00f3ria nas aulas. Demais atividades complementares e orienta\u00e7\u00f5es s\u00e3o organizadas entre docentes e discentes.<\/p>\n<p><strong>9. O que \u00e9 um Programa de P\u00f3s-Gradua\u00e7\u00e3o entre Institui\u00e7\u00f5es de Ensino Superior (IES) Associadas?<\/strong><\/p>\n<p>\u00c9 um programa criado de forma associada entre Institui\u00e7\u00f5es P\u00fablicas de Ensino Superior, reconhecido e avaliado pelo MEC\/CAPES. H\u00e1 uma coordena\u00e7\u00e3o nacional e as coordena\u00e7\u00f5es locais. O v\u00ednculo acad\u00eamico discente acontece pela IES escolhida no ato da inscri\u00e7\u00e3o e a sua certifica\u00e7\u00e3o de Mestre em Artes ser\u00e1 por ela emitida.<\/p>\n<p><strong>10. Que aten\u00e7\u00e3o devo ter com o meu projeto de pesquisa?<\/strong><\/p>\n<p>Seu projeto de pesquisa dever\u00e1 ter uma rela\u00e7\u00e3o direta com sua atua\u00e7\u00e3o nas aulas de Arte em sua escola, com o objetivo de provocar repercuss\u00f5es e transforma\u00e7\u00f5es positivas no ambiente escolar, contribuindo para a Educa\u00e7\u00e3o B\u00e1sica e a pesquisa em Artes.<\/p>\n<p><strong>11. Existe um modelo para a constru\u00e7\u00e3o do projeto de pesquisa e do memorial?<\/strong><\/p>\n<p>O Edital de acesso, al\u00e9m de apresentar todas as orienta\u00e7\u00f5es necess\u00e1rias para a candidatura e ingresso no programa, inclui, em ap\u00eandice, normas para a elabora\u00e7\u00e3o do projeto de pesquisa e do memorial. Estas normas DEVEM ser seguidas na constru\u00e7\u00e3o de ambas, uma vez que \u00e9 pelo seu cumprimento que as candidaturas s\u00e3o avaliadas.<\/p>\n<p><strong>12. Posso escolher minha orientadora ou meu orientador?<\/strong><\/p>\n<p>O Edital de acesso n\u00e3o prev\u00ea indica\u00e7\u00e3o de orienta\u00e7\u00e3o por parte das\/os candidatas\/os. Os projetos e memoriais s\u00e3o avaliados, e, ap\u00f3s an\u00e1lise da comiss\u00e3o e do corpo docente, os trabalhos que atendem a todos os requisitos do Edital e alcan\u00e7am a nota m\u00ednima para aprova\u00e7\u00e3o s\u00e3o distribu\u00eddos entre as\/os orientadoras\/es que manifestam interesse em contribuir com a proposta aprovada.<\/p>\n<p><strong>13. Qual n\u00edvel de l\u00edngua estrangeira \u00e9 exigido?<\/strong><\/p>\n<p>Exige-se N\u00edvel Intermedi\u00e1rio em ingl\u00eas, franc\u00eas ou espanhol. Estudantes que tiverem aprova\u00e7\u00e3o no programa ter\u00e3o at\u00e9 o d\u00e9cimo oitavo m\u00eas do curso para apresentar a certifica\u00e7\u00e3o.<\/p>\n<p><strong>14. Posso utilizar trechos de artigos escritos por outras pessoas em meus textos?<\/strong><\/p>\n<p>Para assegurar a legitimidade e propriedade da escrita individual, o grupo docente do ProfArtes na FAALC\/UFMS faz uso de programas que identificam a originalidade dos textos apresentados. Todo e qualquer trecho que tenha outra propriedade intelectual pode ser utilizado desde que se adeque \u00e0s formas previstas pela ABNT. \u00c9 oportuno lembrar que o uso inadequado desses trechos configura pl\u00e1gio e atenta contra o Artigo 184 do Decreto-Lei no 2.848, de 7 de dezembro de 1940: Violar direitos de autor e os que lhe s\u00e3o conexos: (Reda\u00e7\u00e3o dada pela Lei n\u00ba 10.695, de 1\u00ba.7.2003).<\/p>\n<p><strong>15. Posso utilizar aplicativos ou programas de Intelig\u00eancia Artificial em meus textos?<\/strong><\/p>\n<p>Os textos produzidos pelas pessoas que se candidatam ao programa e\/ou que ingressam e passam a cursar, devem ser autorais e in\u00e9ditos, portanto, para assegurar a legitimidade e propriedade da escrita individual, o grupo docente do ProfArtes na FAALC\/UFMS faz uso de programas que contribuem para a verifica\u00e7\u00e3o dos textos apresentados.<\/p>\n<p><strong>16. Recebi o Edital de acesso por e-mail\/grupo de conversas\/rede social e as informa\u00e7\u00f5es n\u00e3o s\u00e3o as mesmas, apresentando diferen\u00e7as no que se refere ao projeto, por exemplo. Terei minha avalia\u00e7\u00e3o prejudicada?<\/strong><\/p>\n<p>Recomendamos que as\/os candidatas\/os utilizem exclusivamente os sites oficiais da Coordena\u00e7\u00e3o Nacional e das Coordena\u00e7\u00f5es Locais como fontes de consulta, pois o Edital de acesso para concorrer \u00e0s vagas do programa \u00e9 disponibilizado apenas nesses canais. Portanto, o programa \u00e9 isento de responsabilidade por qualquer informa\u00e7\u00e3o obtida de outro modo e que possa afetar a candidatura.<\/p>\n","protected":false},"excerpt":{"rendered":"<p>Calend\u00e1rio acad\u00eamico UFMS &nbsp; Perfil para a candidatura: Ser portador\/a de diploma de curso superior RECONHECIDO pelo Minist\u00e9rio da Educa\u00e7\u00e3o em qualquer \u00e1rea de forma\u00e7\u00e3o; Pertencer aos quadros de servidores\/as docentes de institui\u00e7\u00f5es de ensino da Educa\u00e7\u00e3o B\u00e1sica; Atuar no \u00e2mbito da Educa\u00e7\u00e3o B\u00e1sica em modalidade formal, estar em exerc\u00edcio em sala de aula, ministrando [&hellip;]<\/p>\n","protected":false},"author":1674,"featured_media":0,"parent":0,"menu_order":0,"comment_status":"closed","ping_status":"closed","template":"","meta":{"footnotes":""},"coauthors":[5],"class_list":["post-72","page","type-page","status-publish","hentry"],"_links":{"self":[{"href":"https:\/\/ppgartes.ufms.br\/en\/wp-json\/wp\/v2\/pages\/72","targetHints":{"allow":["GET"]}}],"collection":[{"href":"https:\/\/ppgartes.ufms.br\/en\/wp-json\/wp\/v2\/pages"}],"about":[{"href":"https:\/\/ppgartes.ufms.br\/en\/wp-json\/wp\/v2\/types\/page"}],"author":[{"embeddable":true,"href":"https:\/\/ppgartes.ufms.br\/en\/wp-json\/wp\/v2\/users\/1674"}],"replies":[{"embeddable":true,"href":"https:\/\/ppgartes.ufms.br\/en\/wp-json\/wp\/v2\/comments?post=72"}],"version-history":[{"count":26,"href":"https:\/\/ppgartes.ufms.br\/en\/wp-json\/wp\/v2\/pages\/72\/revisions"}],"predecessor-version":[{"id":1206,"href":"https:\/\/ppgartes.ufms.br\/en\/wp-json\/wp\/v2\/pages\/72\/revisions\/1206"}],"wp:attachment":[{"href":"https:\/\/ppgartes.ufms.br\/en\/wp-json\/wp\/v2\/media?parent=72"}],"wp:term":[{"taxonomy":"author","embeddable":true,"href":"https:\/\/ppgartes.ufms.br\/en\/wp-json\/wp\/v2\/coauthors?post=72"}],"curies":[{"name":"wp","href":"https:\/\/api.w.org\/{rel}","templated":true}]}}