{"id":843,"date":"2023-12-11T10:44:44","date_gmt":"2023-12-11T14:44:44","guid":{"rendered":"https:\/\/ppgartes.ufms.br\/?page_id=843"},"modified":"2023-12-11T10:44:44","modified_gmt":"2023-12-11T14:44:44","slug":"grupo-de-estudos-e-pesquisas-sobre-arte-latino-americana-gepala","status":"publish","type":"page","link":"https:\/\/ppgartes.ufms.br\/en\/grupo-de-estudos-e-pesquisas-sobre-arte-latino-americana-gepala\/","title":{"rendered":"Grupo de estudos e pesquisas sobre arte latino-americana &#8211; GEPALA"},"content":{"rendered":"<p>O Grupo de estudos e pesquisas sobre arte latino-americana &#8211; GEPALA, objetiva a publica\u00e7\u00e3o dos resultados da pesquisa em Congressos e Revistas acad\u00eamicas, o lan\u00e7amento de material bibliogr\u00e1fico sobre Arte da Am\u00e9rica Latina, a promo\u00e7\u00e3o de curso sobre Arte da Am\u00e9rica Latina aos professores de Arte e o fortalecimento da pesquisa a n\u00edvel de TCC, inicia\u00e7\u00e3o cient\u00edfica e Mestrado na \u00e1rea de artes.<br \/>\n=================<br \/>\n<strong>Linhas de pesquisa:<\/strong><\/p>\n<ul>\n<li><strong>Abordagens Te\u00f3rico-metodol\u00f3gicas das pr\u00e1ticas docentes<\/strong>: Esta linha volta-se para as rela\u00e7\u00f5es entre as abordagens te\u00f3ricas e metodol\u00f3gicas relativas ao ensino das Artes Visuais. Concentra-se nessa linha estudos dedicados ao recorte metodol\u00f3gico e experimental das pr\u00e1ticas em sala de aula em todos os n\u00edveis escolares. Fundamenta\u00e7\u00e3o para uma revis\u00e3o do ensino de arte a partir de proposi\u00e7\u00f5es pedag\u00f3gicas decoloniais ou contra coloniais.<\/li>\n<li><strong>Arte e Cultura da Am\u00e9rica Latina<\/strong>: objetiva estudo da produ\u00e7\u00e3o art\u00edstica e do pensamento cr\u00edtico sobre a arte e a cultura latino-americana, discutindo-se a produ\u00e7\u00e3o das artes visuais, cultura popular na forma\u00e7\u00e3o da consci\u00eancia da identidade cultural dos diversos pa\u00edses da Am\u00e9rica Latina.<\/li>\n<\/ul>\n<p>=================<\/p>\n<p>L\u00edder do Grupo de Pesquisa:\u00a0<strong>Profa. Dra. Simone Rocha de Abreu <\/strong><\/p>\n<p><strong>Os encontros de estudo do GEPALA acontecem todas as sextas-feiras, das 9h \u00e1s 11h, em modo remoto.<\/strong><\/p>\n<p>Outras informa\u00e7\u00f5es:<\/p>\n<ul>\n<li><a href=\"http:\/\/artesvisuais.ufms.br\/\" target=\"_blank\" rel=\"noopener noreferrer\"><strong>Cursos de Artes Visuais \u2013 FAALC\/UFMS<\/strong><\/a><\/li>\n<li>E-mail para contato: \u00a0<strong>simone.rocha.abreu@ufms.br <\/strong><\/li>\n<li><a href=\"https:\/\/dgp.cnpq.br\/dgp\/espelhogrupo\/787449\" target=\"_blank\" rel=\"noopener\"><strong>Espelho no Diret\u00f3rio CNPq<\/strong><\/a><\/li>\n<\/ul>\n","protected":false},"excerpt":{"rendered":"<p>O Grupo de estudos e pesquisas sobre arte latino-americana &#8211; GEPALA, objetiva a publica\u00e7\u00e3o dos resultados da pesquisa em Congressos e Revistas acad\u00eamicas, o lan\u00e7amento de material bibliogr\u00e1fico sobre Arte da Am\u00e9rica Latina, a promo\u00e7\u00e3o de curso sobre Arte da Am\u00e9rica Latina aos professores de Arte e o fortalecimento da pesquisa a n\u00edvel de TCC, [&hellip;]<\/p>\n","protected":false},"author":1674,"featured_media":0,"parent":0,"menu_order":0,"comment_status":"closed","ping_status":"closed","template":"","meta":{"footnotes":""},"coauthors":[],"class_list":["post-843","page","type-page","status-publish","hentry"],"_links":{"self":[{"href":"https:\/\/ppgartes.ufms.br\/en\/wp-json\/wp\/v2\/pages\/843","targetHints":{"allow":["GET"]}}],"collection":[{"href":"https:\/\/ppgartes.ufms.br\/en\/wp-json\/wp\/v2\/pages"}],"about":[{"href":"https:\/\/ppgartes.ufms.br\/en\/wp-json\/wp\/v2\/types\/page"}],"author":[{"embeddable":true,"href":"https:\/\/ppgartes.ufms.br\/en\/wp-json\/wp\/v2\/users\/1674"}],"replies":[{"embeddable":true,"href":"https:\/\/ppgartes.ufms.br\/en\/wp-json\/wp\/v2\/comments?post=843"}],"version-history":[{"count":1,"href":"https:\/\/ppgartes.ufms.br\/en\/wp-json\/wp\/v2\/pages\/843\/revisions"}],"predecessor-version":[{"id":844,"href":"https:\/\/ppgartes.ufms.br\/en\/wp-json\/wp\/v2\/pages\/843\/revisions\/844"}],"wp:attachment":[{"href":"https:\/\/ppgartes.ufms.br\/en\/wp-json\/wp\/v2\/media?parent=843"}],"wp:term":[{"taxonomy":"author","embeddable":true,"href":"https:\/\/ppgartes.ufms.br\/en\/wp-json\/wp\/v2\/coauthors?post=843"}],"curies":[{"name":"wp","href":"https:\/\/api.w.org\/{rel}","templated":true}]}}